{"id":6762,"date":"2024-03-14T11:07:32","date_gmt":"2024-03-14T10:07:32","guid":{"rendered":"https:\/\/www.nexat.de\/impressionante\/"},"modified":"2026-01-22T08:44:56","modified_gmt":"2026-01-22T07:44:56","slug":"impressionante","status":"publish","type":"page","link":"https:\/\/www.nexat.de\/pt-br\/impressionante\/","title":{"rendered":"Impress\u00e3o"},"content":{"rendered":"<p>[et_pb_section fb_built=&#8221;1&#8243; custom_padding_last_edited=&#8221;on|phone&#8221; admin_label=&#8221;Section&#8221; module_class=&#8221;light-background&#8221; _builder_version=&#8221;4.16&#8243; _module_preset=&#8221;default&#8221; background_color=&#8221;#FFFFFF&#8221; custom_margin=&#8221;||||false|false&#8221; custom_padding=&#8221;107px||40px||false|false&#8221; custom_padding_tablet=&#8221;107px||40px||false|false&#8221; custom_padding_phone=&#8221;97px||30px||false|false&#8221; global_colors_info=&#8221;{}&#8221; da_is_popup=&#8221;off&#8221; da_exit_intent=&#8221;off&#8221; da_has_close=&#8221;on&#8221; da_alt_close=&#8221;off&#8221; da_dark_close=&#8221;off&#8221; da_not_modal=&#8221;on&#8221; da_is_singular=&#8221;off&#8221; da_with_loader=&#8221;off&#8221; da_has_shadow=&#8221;on&#8221; da_disable_devices=&#8221;off|off|off&#8221;][et_pb_row _builder_version=&#8221;4.16&#8243; _module_preset=&#8221;default&#8221; width=&#8221;90%&#8221; max_width=&#8221;800px&#8221; custom_padding=&#8221;30px||30px||true|false&#8221; global_colors_info=&#8221;{}&#8221;][et_pb_column type=&#8221;4_4&#8243; _builder_version=&#8221;4.16&#8243; _module_preset=&#8221;default&#8221; global_colors_info=&#8221;{}&#8221;][et_pb_text _builder_version=&#8221;4.16&#8243; _module_preset=&#8221;default&#8221; text_font=&#8221;|300|||||||&#8221; text_text_color=&#8221;#292929&#8243; link_font=&#8221;||||||||&#8221; header_font=&#8221;|700|||||||&#8221; header_text_color=&#8221;#1D1D1D&#8221; header_font_size=&#8221;34px&#8221; header_2_font=&#8221;|700|||||||&#8221; header_2_text_color=&#8221;#1D1D1D&#8221; header_2_font_size=&#8221;34px&#8221; header_3_font=&#8221;|700|||||||&#8221; header_3_text_color=&#8221;#1D1D1D&#8221; header_3_font_size=&#8221;28px&#8221; global_colors_info=&#8221;{}&#8221; link_text_color__hover=&#8221;rgba(181,44,36,0.8)&#8221; link_text_color__hover_enabled=&#8221;on|desktop&#8221;]<\/p>\n<h1>Informa\u00e7\u00f5es de acordo com o \u00a7 5 TMG<\/h1>\n<p>NEXAT GmbH<br \/>Meppener Stra\u00dfe 9-11<br \/>49597 Rieste<br \/>Alemanha<\/p>\n<p>Tel: +49 5493 54844-0<br \/><a href=\"mailto:info@nexat.de\">info@nexat.de<\/a><\/p>\n<p>Diretores executivos autorizados a representar a empresa: <span data-olk-copy-source=\"MessageBody\">Welf-Chr. von Plato &amp; Felix\u00a0Kalverkamp<\/span><br \/>Tribunal de registro: AG Osnabr\u00fcck | HRB 212981<br \/>UID: DE 320632418<br \/>EORI: DE 637666955012883<br \/>Respons\u00e1vel pelo conte\u00fado de acordo com o \u00a7 18 Abs. 2 MStV: <span data-olk-copy-source=\"MessageBody\">Welf-Chr. von Plato &amp; Felix\u00a0Kalverkamp<\/span><\/p>\n<h2>Resolu\u00e7\u00e3o de disputas on-line<\/h2>\n<p>A Comiss\u00e3o Europeia oferece uma plataforma para resolu\u00e7\u00e3o de disputas on-line em <a href=\"https:\/\/ec.europa.eu\/consumers\/odr\/\" target=\"_blank\" rel=\"noopener\">https:\/\/ec.europa.eu\/consumers\/odr\/,<\/a> que os consumidores podem usar para resolver uma disputa e onde podem ser encontradas mais informa\u00e7\u00f5es sobre resolu\u00e7\u00e3o de disputas.<\/p>\n<h2>Resolu\u00e7\u00e3o extrajudicial de disputas<\/h2>\n<p>N\u00e3o somos obrigados nem estamos dispostos a participar de procedimentos de resolu\u00e7\u00e3o de disputas perante um conselho de arbitragem de consumidores no caso de uma disputa com um consumidor.<\/p>\n<h2>Web design e realiza\u00e7\u00e3o t\u00e9cnica<\/h2>\n<p>Ag\u00eancia de publicidade Hagedorn GmbH<br \/>Gro\u00dfe Stra\u00dfe 17<br \/>49434 Neuenkirchen-V\u00f6rden<br \/>Alemanha<\/p>\n<p>Tel: +49 5493 9876-0<br \/><a href=\"mailto:contact@werbeagentur-hagedorn.de\">contact@werbeagentur-hagedorn.de<\/a><br \/><a href=\"https:\/\/www.werbeagentur-hagedorn.de\" target=\"_blank\" rel=\"noopener\">www.werbeagentur-hagedorn.de<\/a><\/p>\n<p>[\/et_pb_text][\/et_pb_column][\/et_pb_row][\/et_pb_section]<\/p>\n","protected":false},"excerpt":{"rendered":"<p>Informa\u00e7\u00f5es de acordo com o \u00a7 5 TMG NEXAT GmbHMeppener Stra\u00dfe 9-1149597 RiesteAlemanha Tel: +49 5493 54844-0info@nexat.de Diretores executivos autorizados a representar a empresa: Welf-Chr. von Plato &amp; Felix\u00a0KalverkampTribunal de registro: AG Osnabr\u00fcck | HRB 212981UID: DE 320632418EORI: DE 637666955012883Respons\u00e1vel pelo conte\u00fado de acordo com o \u00a7 18 Abs. 2 MStV: Welf-Chr. von Plato &amp; [&hellip;]<\/p>\n","protected":false},"author":1,"featured_media":0,"parent":0,"menu_order":15,"comment_status":"closed","ping_status":"closed","template":"","meta":{"_et_pb_use_builder":"on","_et_pb_old_content":"","_et_gb_content_width":"","footnotes":""},"class_list":["post-6762","page","type-page","status-publish","hentry"],"_links":{"self":[{"href":"https:\/\/www.nexat.de\/pt-br\/wp-json\/wp\/v2\/pages\/6762","targetHints":{"allow":["GET"]}}],"collection":[{"href":"https:\/\/www.nexat.de\/pt-br\/wp-json\/wp\/v2\/pages"}],"about":[{"href":"https:\/\/www.nexat.de\/pt-br\/wp-json\/wp\/v2\/types\/page"}],"author":[{"embeddable":true,"href":"https:\/\/www.nexat.de\/pt-br\/wp-json\/wp\/v2\/users\/1"}],"replies":[{"embeddable":true,"href":"https:\/\/www.nexat.de\/pt-br\/wp-json\/wp\/v2\/comments?post=6762"}],"version-history":[{"count":5,"href":"https:\/\/www.nexat.de\/pt-br\/wp-json\/wp\/v2\/pages\/6762\/revisions"}],"predecessor-version":[{"id":13973,"href":"https:\/\/www.nexat.de\/pt-br\/wp-json\/wp\/v2\/pages\/6762\/revisions\/13973"}],"wp:attachment":[{"href":"https:\/\/www.nexat.de\/pt-br\/wp-json\/wp\/v2\/media?parent=6762"}],"curies":[{"name":"wp","href":"https:\/\/api.w.org\/{rel}","templated":true}]}}