{"id":6737,"date":"2024-03-14T11:07:30","date_gmt":"2024-03-14T10:07:30","guid":{"rendered":"https:\/\/www.nexat.de\/nexat-anuncios-de-emprego\/obrigado\/"},"modified":"2025-09-25T11:06:23","modified_gmt":"2025-09-25T09:06:23","slug":"obrigado","status":"publish","type":"page","link":"https:\/\/www.nexat.de\/pt-br\/nexat-anuncios-de-emprego\/obrigado\/","title":{"rendered":"Obrigado, senhor"},"content":{"rendered":"<p>[et_pb_section fb_built=&#8221;1&#8243; custom_padding_last_edited=&#8221;on|phone&#8221; admin_label=&#8221;Header&#8221; _builder_version=&#8221;4.16&#8243; _module_preset=&#8221;default&#8221; background_color=&#8221;#1D1D1D&#8221; background_image=&#8221;https:\/\/www.nexat.de\/wp-content\/uploads\/2021\/11\/gepard-scaled.jpg&#8221; background_enable_video_mp4=&#8221;off&#8221; background_video_width=&#8221;1280&#8243; background_video_height=&#8221;720&#8243; allow_player_pause=&#8221;on&#8221; min_height=&#8221;400px&#8221; custom_padding=&#8221;0px||40px||false|false&#8221; custom_padding_tablet=&#8221;0px||40px||false|false&#8221; custom_padding_phone=&#8221;||30px||false|false&#8221; animation_style=&#8221;fade&#8221; custom_css_main_element=&#8221;display: flex;||flex-direction: column;||justify-content: flex-end;&#8221; da_disable_devices=&#8221;off|off|off&#8221; locked=&#8221;off&#8221; global_colors_info=&#8221;{}&#8221; da_is_popup=&#8221;off&#8221; da_exit_intent=&#8221;off&#8221; da_has_close=&#8221;on&#8221; da_alt_close=&#8221;off&#8221; da_dark_close=&#8221;off&#8221; da_not_modal=&#8221;on&#8221; da_is_singular=&#8221;off&#8221; da_with_loader=&#8221;off&#8221; da_has_shadow=&#8221;on&#8221;][et_pb_row admin_label=&#8221;Curso (centro radial)&#8221; _builder_version=&#8221;4.16&#8243; _module_preset=&#8221;default&#8221; background_enable_color=&#8221;off&#8221; use_background_color_gradient=&#8221;on&#8221; background_color_gradient_type=&#8221;circular&#8221; background_color_gradient_stops=&#8221;rgba(25,14,13,0) 0%|rgba(25,14,13,0.75) 100%&#8221; background_color_gradient_start=&#8221;rgba(25,14,13,0)&#8221; background_color_gradient_end=&#8221;rgba(25,14,13,0.75)&#8221; positioning=&#8221;absolute&#8221; width=&#8221;100%&#8221; max_width=&#8221;100%&#8221; custom_margin=&#8221;0px||0px||true|false&#8221; custom_padding=&#8221;0px||0px||true|false&#8221; custom_css_main_element=&#8221;top: 0px;||right: 0px;||bottom: 0px;||left: 0px;&#8221; global_colors_info=&#8221;{}&#8221;][et_pb_column type=&#8221;4_4&#8243; _builder_version=&#8221;4.16&#8243; _module_preset=&#8221;default&#8221; global_colors_info=&#8221;{}&#8221;][\/et_pb_column][\/et_pb_row][et_pb_row admin_label=&#8221;Progress\u00e3o (abaixo)&#8221; _builder_version=&#8221;4.16&#8243; _module_preset=&#8221;default&#8221; background_color=&#8221;RGBA(0,0,0,0)&#8221; use_background_color_gradient=&#8221;on&#8221; background_color_gradient_stops=&#8221;rgba(25,14,13,0) 0%|#190e0d 100%&#8221; background_color_gradient_start=&#8221;rgba(25,14,13,0)&#8221; background_color_gradient_end=&#8221;#190e0d&#8221; positioning=&#8221;absolute&#8221; width=&#8221;100%&#8221; max_width=&#8221;100%&#8221; custom_margin=&#8221;0px||0px||true|false&#8221; custom_padding=&#8221;0px||90px||false|false&#8221; custom_css_main_element=&#8221;top: 30%;||right: 0px;||bottom: 0px;||left: 0px;||display: flex;||flex-direction: column;||justify-content: flex-end;&#8221; global_colors_info=&#8221;{}&#8221;][et_pb_column type=&#8221;4_4&#8243; _builder_version=&#8221;4.16&#8243; _module_preset=&#8221;default&#8221; global_colors_info=&#8221;{}&#8221;][\/et_pb_column][\/et_pb_row][\/et_pb_section][et_pb_section fb_built=&#8221;1&#8243; custom_padding_last_edited=&#8221;on|phone&#8221; admin_label=&#8221;Einleitung&#8221; module_id=&#8221;se\u00e7\u00e3o inicial&#8221; _builder_version=&#8221;4.16&#8243; _module_preset=&#8221;default&#8221; background_color=&#8221;RGBA(0,0,0,0)&#8221; custom_padding=&#8221;0px||40px||false|false&#8221; custom_padding_tablet=&#8221;0px||40px||false|false&#8221; custom_padding_phone=&#8221;0px||30px||false|false&#8221; animation_style=&#8221;fade&#8221; da_disable_devices=&#8221;off|off|off&#8221; global_colors_info=&#8221;{}&#8221; da_is_popup=&#8221;off&#8221; da_exit_intent=&#8221;off&#8221; da_has_close=&#8221;on&#8221; da_alt_close=&#8221;off&#8221; da_dark_close=&#8221;off&#8221; da_not_modal=&#8221;on&#8221; da_is_singular=&#8221;off&#8221; da_with_loader=&#8221;off&#8221; da_has_shadow=&#8221;on&#8221;][et_pb_row admin_label=&#8221;Curso (topo)&#8221; _builder_version=&#8221;4.16&#8243; _module_preset=&#8221;default&#8221; background_color=&#8221;RGBA(0,0,0,0)&#8221; use_background_color_gradient=&#8221;on&#8221; background_color_gradient_stops=&#8221;#190e0d 0%|rgba(25,14,13,0) 100%&#8221; background_color_gradient_start=&#8221;#190e0d&#8221; background_color_gradient_end=&#8221;rgba(25,14,13,0)&#8221; positioning=&#8221;absolute&#8221; width=&#8221;100%&#8221; max_width=&#8221;100%&#8221; height=&#8221;100%&#8221; custom_margin=&#8221;0px||0px||true|false&#8221; custom_padding=&#8221;0px||0px||true|false&#8221; custom_css_main_element=&#8221;top: 0px;||right: 0px;||left: 0px;&#8221; global_colors_info=&#8221;{}&#8221;][et_pb_column type=&#8221;4_4&#8243; _builder_version=&#8221;4.16&#8243; _module_preset=&#8221;default&#8221; global_colors_info=&#8221;{}&#8221;][\/et_pb_column][\/et_pb_row][et_pb_row _builder_version=&#8221;4.16&#8243; _module_preset=&#8221;default&#8221; width=&#8221;90%&#8221; max_width=&#8221;800px&#8221; custom_padding=&#8221;0px||30px||false|false&#8221; global_colors_info=&#8221;{}&#8221;][et_pb_column type=&#8221;4_4&#8243; _builder_version=&#8221;4.16&#8243; _module_preset=&#8221;default&#8221; global_colors_info=&#8221;{}&#8221;][et_pb_text module_class=&#8221;nexat-arrow&#8221; _builder_version=&#8221;4.16&#8243; _module_preset=&#8221;default&#8221; text_font=&#8221;|300|||||||&#8221; text_text_color=&#8221;#DCDCDC&#8221; link_font=&#8221;||||||||&#8221; header_font=&#8221;|700|||||||&#8221; header_text_color=&#8221;#FFFFFF&#8221; header_font_size=&#8221;40px&#8221; global_colors_info=&#8221;{}&#8221; link_text_color__hover=&#8221;rgba(181,44,36,0.8)&#8221; link_text_color__hover_enabled=&#8221;on|desktop&#8221;]<\/p>\n<h1>Obrigado por sua inscri\u00e7\u00e3o!<\/h1>\n<p>[\/et_pb_text][\/et_pb_column][\/et_pb_row][\/et_pb_section][et_pb_section fb_built=&#8221;1&#8243; custom_padding_last_edited=&#8221;on|desktop&#8221; admin_label=&#8221;Section&#8221; _builder_version=&#8221;4.16&#8243; _module_preset=&#8221;default&#8221; background_color=&#8221;#FFFFFF&#8221; custom_padding=&#8221;40px||40px||true|false&#8221; custom_padding_tablet=&#8221;40px||40px||true|false&#8221; custom_padding_phone=&#8221;30px||30px||true|false&#8221; da_disable_devices=&#8221;off|off|off&#8221; global_colors_info=&#8221;{}&#8221; da_is_popup=&#8221;off&#8221; da_exit_intent=&#8221;off&#8221; da_has_close=&#8221;on&#8221; da_alt_close=&#8221;off&#8221; da_dark_close=&#8221;off&#8221; da_not_modal=&#8221;on&#8221; da_is_singular=&#8221;off&#8221; da_with_loader=&#8221;off&#8221; da_has_shadow=&#8221;on&#8221;][et_pb_row _builder_version=&#8221;4.16&#8243; _module_preset=&#8221;default&#8221; width=&#8221;90%&#8221; max_width=&#8221;800px&#8221; custom_padding=&#8221;30px||20px||false|false&#8221; global_colors_info=&#8221;{}&#8221;][et_pb_column type=&#8221;4_4&#8243; _builder_version=&#8221;4.16&#8243; _module_preset=&#8221;default&#8221; global_colors_info=&#8221;{}&#8221;][et_pb_text _builder_version=&#8221;4.16&#8243; _module_preset=&#8221;default&#8221; text_font=&#8221;|300|||||||&#8221; text_text_color=&#8221;#292929&#8243; link_font=&#8221;||||||||&#8221; header_font=&#8221;|700|||||||&#8221; header_text_color=&#8221;#FFFFFF&#8221; header_font_size=&#8221;40px&#8221; header_2_font=&#8221;|700|||||||&#8221; header_2_text_color=&#8221;#1D1D1D&#8221; header_2_font_size=&#8221;34px&#8221; header_3_font=&#8221;|700|||||||&#8221; header_3_text_color=&#8221;#1D1D1D&#8221; header_3_font_size=&#8221;28px&#8221; global_colors_info=&#8221;{}&#8221; link_text_color__hover=&#8221;rgba(181,44,36,0.8)&#8221; link_text_color__hover_enabled=&#8221;on|desktop&#8221;]<\/p>\n<h2>Recebemos seus dados<\/h2>\n<p>Obrigado por nos enviar seus documentos de inscri\u00e7\u00e3o. Agradecemos seu interesse em nossa empresa e verificaremos seus documentos cuidadosamente.<\/p>\n<p>[\/et_pb_text][\/et_pb_column][\/et_pb_row][et_pb_row _builder_version=&#8221;4.14.2&#8243; _module_preset=&#8221;default&#8221; background_color=&#8221;#FFFFFF&#8221; width=&#8221;90%&#8221; max_width=&#8221;884px&#8221; custom_margin=&#8221;30px||30px||false|false&#8221; custom_padding=&#8221;30px|42px|30px|42px|true|true&#8221; custom_css_before=&#8221;content: &#8221;;||position: absolute;||top: 0;||bottom: 0;||left: 0;||width: 12px;||background: #B52C24;&#8221; custom_css_main_element=&#8221;overflow: hidden !important;&#8221; border_radii=&#8221;on|2px|2px|2px|2px&#8221; box_shadow_style=&#8221;preset1&#8243; box_shadow_blur=&#8221;68px&#8221; box_shadow_spread=&#8221;-20px&#8221; box_shadow_color=&#8221;rgba(0,0,0,0.2)&#8221; global_module=&#8221;4192&#8243; saved_tabs=&#8221;all&#8221; locked=&#8221;off&#8221; global_colors_info=&#8221;{}&#8221;][et_pb_column type=&#8221;4_4&#8243; _builder_version=&#8221;4.16&#8243; _module_preset=&#8221;default&#8221; global_colors_info=&#8221;{}&#8221;][et_pb_text _builder_version=&#8221;4.16&#8243; _module_preset=&#8221;default&#8221; text_font=&#8221;|300|||||||&#8221; link_font=&#8221;||||||||&#8221; header_font=&#8221;|700|||||||&#8221; header_text_color=&#8221;#FFFFFF&#8221; header_font_size=&#8221;40px&#8221; header_2_font=&#8221;|700|||||||&#8221; header_2_text_color=&#8221;#1D1D1D&#8221; header_2_font_size=&#8221;34px&#8221; header_3_font=&#8221;|700|||||||&#8221; header_3_text_color=&#8221;#1D1D1D&#8221; header_3_font_size=&#8221;28px&#8221; custom_margin=&#8221;||||false|false&#8221; locked=&#8221;off&#8221; global_colors_info=&#8221;{}&#8221; link_text_color__hover=&#8221;rgba(181,44,36,0.8)&#8221; link_text_color__hover_enabled=&#8221;on|desktop&#8221;]<\/p>\n<h3>Voc\u00ea tem alguma pergunta?<\/h3>\n<p>Em seguida, entre em contato com sua pessoa de contato:[\/et_pb_text][et_pb_button button_url=&#8221;http:\/\/tel%20160%&#8221; button_text=&#8221;Lena Lorch&#8221; module_class=&#8221;icn-center&#8221; _builder_version=&#8221;4.27.3&#8243; _module_preset=&#8221;default&#8221; custom_button=&#8221;on&#8221; button_text_size=&#8221;21px&#8221; button_text_color=&#8221;#292929&#8243; button_bg_color=&#8221;RGBA(0,0,0,0)&#8221; button_border_width=&#8221;0px&#8221; button_border_radius=&#8221;0px&#8221; button_font=&#8221;|300|||||||&#8221; button_icon=&#8221;&#xf007;||fa||900&#8243; button_icon_color=&#8221;#1D1D1D&#8221; button_icon_placement=&#8221;left&#8221; button_on_hover=&#8221;off&#8221; custom_margin=&#8221;||5px||false|false&#8221; custom_padding=&#8221;0px|0px|0px|32px|true|false&#8221; hover_enabled=&#8221;0&#8243; custom_css_main_element=&#8221;line-height: 1.3 !important;&#8221; locked=&#8221;off&#8221; global_colors_info=&#8221;{}&#8221; button_text_color__hover_enabled=&#8221;on|desktop&#8221; button_bg_color__hover=&#8221;RGBA(0,0,0,0)&#8221; button_bg_color__hover_enabled=&#8221;on|desktop&#8221; button_text_color__hover=&#8221;#292929&#8243; sticky_enabled=&#8221;0&#8243;][\/et_pb_button][et_pb_button button_url=&#8221;tel:+4954935484420&#8243; button_text=&#8221;+49 5493 54844-20&#8243; module_class=&#8221;icn-center&#8221; _builder_version=&#8221;4.16&#8243; _module_preset=&#8221;default&#8221; custom_button=&#8221;on&#8221; button_text_size=&#8221;21px&#8221; button_text_color=&#8221;#1D1D1D&#8221; button_bg_color=&#8221;RGBA(0,0,0,0)&#8221; button_border_width=&#8221;0px&#8221; button_border_radius=&#8221;0px&#8221; button_font=&#8221;|300|||||||&#8221; button_icon=&#8221;&#xf879;||fa||900&#8243; button_icon_color=&#8221;#1D1D1D&#8221; button_icon_placement=&#8221;left&#8221; button_on_hover=&#8221;off&#8221; custom_margin=&#8221;||5px||false|false&#8221; custom_padding=&#8221;0px|0px|0px|32px|true|false&#8221; custom_css_main_element=&#8221;line-height: 1.3 !important;&#8221; locked=&#8221;off&#8221; global_colors_info=&#8221;{}&#8221; button_text_color__hover=&#8221;#B52C24&#8243; button_text_color__hover_enabled=&#8221;on|hover&#8221; button_bg_color__hover=&#8221;RGBA(0,0,0,0)&#8221; button_bg_color__hover_enabled=&#8221;on|desktop&#8221;][\/et_pb_button][et_pb_button button_url=&#8221;mailto:bewerbung@nexat.de&#8221; button_text=&#8221;bewerbung@nexat.de&#8221; module_class=&#8221;icn-center&#8221; _builder_version=&#8221;4.22.2&#8243; _module_preset=&#8221;default&#8221; custom_button=&#8221;on&#8221; button_text_size=&#8221;21px&#8221; button_text_color=&#8221;#B52C24&#8243; button_bg_color=&#8221;RGBA(0,0,0,0)&#8221; button_border_width=&#8221;0px&#8221; button_border_radius=&#8221;0px&#8221; button_font=&#8221;|300|||||||&#8221; button_icon=&#8221;&#xf0e0;||fa||400&#8243; button_icon_color=&#8221;#1D1D1D&#8221; button_icon_placement=&#8221;left&#8221; button_on_hover=&#8221;off&#8221; custom_margin=&#8221;||5px||false|false&#8221; custom_padding=&#8221;0px|0px|0px|32px|true|false&#8221; custom_css_main_element=&#8221;line-height: 1.3 !important;&#8221; locked=&#8221;off&#8221; global_colors_info=&#8221;{}&#8221; button_text_color__hover=&#8221;rgba(181,44,36,0.8)&#8221; button_text_color__hover_enabled=&#8221;on|desktop&#8221; button_bg_color__hover=&#8221;RGBA(0,0,0,0)&#8221; button_bg_color__hover_enabled=&#8221;on|desktop&#8221;][\/et_pb_button][\/et_pb_column][\/et_pb_row][\/et_pb_section]<\/p>\n","protected":false},"excerpt":{"rendered":"<p>Obrigado por sua inscri\u00e7\u00e3o!Recebemos seus dados Obrigado por nos enviar seus documentos de inscri\u00e7\u00e3o. Agradecemos seu interesse em nossa empresa e verificaremos seus documentos cuidadosamente.Voc\u00ea tem alguma pergunta? Em seguida, entre em contato com sua pessoa de contato:<\/p>\n","protected":false},"author":1,"featured_media":0,"parent":6573,"menu_order":49,"comment_status":"closed","ping_status":"closed","template":"","meta":{"_et_pb_use_builder":"on","_et_pb_old_content":"","_et_gb_content_width":"","footnotes":""},"class_list":["post-6737","page","type-page","status-publish","hentry"],"_links":{"self":[{"href":"https:\/\/www.nexat.de\/pt-br\/wp-json\/wp\/v2\/pages\/6737","targetHints":{"allow":["GET"]}}],"collection":[{"href":"https:\/\/www.nexat.de\/pt-br\/wp-json\/wp\/v2\/pages"}],"about":[{"href":"https:\/\/www.nexat.de\/pt-br\/wp-json\/wp\/v2\/types\/page"}],"author":[{"embeddable":true,"href":"https:\/\/www.nexat.de\/pt-br\/wp-json\/wp\/v2\/users\/1"}],"replies":[{"embeddable":true,"href":"https:\/\/www.nexat.de\/pt-br\/wp-json\/wp\/v2\/comments?post=6737"}],"version-history":[{"count":13,"href":"https:\/\/www.nexat.de\/pt-br\/wp-json\/wp\/v2\/pages\/6737\/revisions"}],"predecessor-version":[{"id":13316,"href":"https:\/\/www.nexat.de\/pt-br\/wp-json\/wp\/v2\/pages\/6737\/revisions\/13316"}],"up":[{"embeddable":true,"href":"https:\/\/www.nexat.de\/pt-br\/wp-json\/wp\/v2\/pages\/6573"}],"wp:attachment":[{"href":"https:\/\/www.nexat.de\/pt-br\/wp-json\/wp\/v2\/media?parent=6737"}],"curies":[{"name":"wp","href":"https:\/\/api.w.org\/{rel}","templated":true}]}}