{"id":6702,"date":"2024-03-14T11:07:28","date_gmt":"2024-03-14T10:07:28","guid":{"rendered":"https:\/\/www.nexat.de\/produtos\/pflanzenschutz\/"},"modified":"2026-04-01T14:42:15","modified_gmt":"2026-04-01T12:42:15","slug":"pflanzenschutz","status":"publish","type":"page","link":"https:\/\/www.nexat.de\/pt-br\/produtos\/pflanzenschutz\/","title":{"rendered":"Prote\u00e7\u00e3o de plantas"},"content":{"rendered":"<p>[et_pb_section fb_built=&#8221;1&#8243; custom_padding_last_edited=&#8221;on|phone&#8221; admin_label=&#8221;Header&#8221; module_id=&#8221;Imagem de cabe\u00e7alho grande&#8221; _builder_version=&#8221;4.27.3&#8243; _module_preset=&#8221;default&#8221; background_color=&#8221;#1D1D1D&#8221; background_image=&#8221;https:\/\/www.nexat.de\/wp-content\/uploads\/2025\/06\/3_Crop_Protection_Incomagri_Bird_Upscaled_Lanczos-scaled.png&#8221; background_position=&#8221;center_left&#8221; background_enable_video_mp4=&#8221;off&#8221; background_video_width=&#8221;1280&#8243; background_video_height=&#8221;720&#8243; allow_player_pause=&#8221;on&#8221; min_height=&#8221;400px&#8221; height=&#8221;80vh&#8221; custom_padding=&#8221;0px||40px||false|false&#8221; custom_padding_tablet=&#8221;0px||40px||false|false&#8221; custom_padding_phone=&#8221;||30px||false|false&#8221; animation_style=&#8221;fade&#8221; hover_enabled=&#8221;0&#8243; custom_css_main_element=&#8221;display: flex;||flex-direction: column;||justify-content: flex-end;&#8221; da_disable_devices=&#8221;off|off|off&#8221; locked=&#8221;off&#8221; global_colors_info=&#8221;{}&#8221; alt=&#8221;Crop Protection Incomagri&#8221; title_text=&#8221;3_Crop_Protection_Incomagri_Bird_Upscaled_Lanczos&#8221; sticky_enabled=&#8221;0&#8243; da_is_popup=&#8221;off&#8221; da_exit_intent=&#8221;off&#8221; da_has_close=&#8221;on&#8221; da_alt_close=&#8221;off&#8221; da_dark_close=&#8221;off&#8221; da_not_modal=&#8221;on&#8221; da_is_singular=&#8221;off&#8221; da_with_loader=&#8221;off&#8221; da_has_shadow=&#8221;on&#8221;][et_pb_row admin_label=&#8221;Curso (centro radial)&#8221; _builder_version=&#8221;4.16&#8243; _module_preset=&#8221;default&#8221; background_enable_color=&#8221;off&#8221; use_background_color_gradient=&#8221;on&#8221; background_color_gradient_type=&#8221;circular&#8221; background_color_gradient_stops=&#8221;rgba(25,14,13,0) 0%|rgba(25,14,13,0.75) 100%&#8221; background_color_gradient_start=&#8221;rgba(25,14,13,0)&#8221; background_color_gradient_end=&#8221;rgba(25,14,13,0.75)&#8221; positioning=&#8221;absolute&#8221; width=&#8221;100%&#8221; max_width=&#8221;100%&#8221; custom_margin=&#8221;0px||0px||true|false&#8221; custom_padding=&#8221;0px||0px||true|false&#8221; custom_css_main_element=&#8221;top: 0px;||right: 0px;||bottom: 0px;||left: 0px;&#8221; global_colors_info=&#8221;{}&#8221;][et_pb_column type=&#8221;4_4&#8243; _builder_version=&#8221;4.16&#8243; _module_preset=&#8221;default&#8221; global_colors_info=&#8221;{}&#8221;][\/et_pb_column][\/et_pb_row][et_pb_row admin_label=&#8221;Progress\u00e3o (abaixo)&#8221; _builder_version=&#8221;4.16&#8243; _module_preset=&#8221;default&#8221; background_color=&#8221;RGBA(0,0,0,0)&#8221; use_background_color_gradient=&#8221;on&#8221; background_color_gradient_stops=&#8221;rgba(25,14,13,0) 0%|#190e0d 100%&#8221; background_color_gradient_start=&#8221;rgba(25,14,13,0)&#8221; background_color_gradient_end=&#8221;#190e0d&#8221; positioning=&#8221;absolute&#8221; width=&#8221;100%&#8221; max_width=&#8221;100%&#8221; custom_margin=&#8221;0px||0px||true|false&#8221; custom_padding=&#8221;0px||90px||false|false&#8221; custom_css_main_element=&#8221;top: 30%;||right: 0px;||bottom: 0px;||left: 0px;||display: flex;||flex-direction: column;||justify-content: flex-end;&#8221; global_colors_info=&#8221;{}&#8221;][et_pb_column type=&#8221;4_4&#8243; _builder_version=&#8221;4.16&#8243; _module_preset=&#8221;default&#8221; global_colors_info=&#8221;{}&#8221;][\/et_pb_column][\/et_pb_row][\/et_pb_section][et_pb_section fb_built=&#8221;1&#8243; custom_padding_last_edited=&#8221;on|phone&#8221; admin_label=&#8221;Einleitung&#8221; module_id=&#8221;se\u00e7\u00e3o inicial&#8221; _builder_version=&#8221;4.16&#8243; _module_preset=&#8221;default&#8221; background_color=&#8221;RGBA(0,0,0,0)&#8221; custom_padding=&#8221;0px||40px||false|false&#8221; custom_padding_tablet=&#8221;0px||40px||false|false&#8221; custom_padding_phone=&#8221;0px||30px||false|false&#8221; animation_style=&#8221;fade&#8221; da_disable_devices=&#8221;off|off|off&#8221; global_colors_info=&#8221;{}&#8221; da_is_popup=&#8221;off&#8221; da_exit_intent=&#8221;off&#8221; da_has_close=&#8221;on&#8221; da_alt_close=&#8221;off&#8221; da_dark_close=&#8221;off&#8221; da_not_modal=&#8221;on&#8221; da_is_singular=&#8221;off&#8221; da_with_loader=&#8221;off&#8221; da_has_shadow=&#8221;on&#8221;][et_pb_row admin_label=&#8221;Curso (topo)&#8221; _builder_version=&#8221;4.16&#8243; _module_preset=&#8221;default&#8221; background_color=&#8221;RGBA(0,0,0,0)&#8221; use_background_color_gradient=&#8221;on&#8221; background_color_gradient_stops=&#8221;#190e0d 0%|rgba(25,14,13,0) 100%&#8221; background_color_gradient_start=&#8221;#190e0d&#8221; background_color_gradient_end=&#8221;rgba(25,14,13,0)&#8221; positioning=&#8221;absolute&#8221; width=&#8221;100%&#8221; max_width=&#8221;100%&#8221; height=&#8221;100%&#8221; custom_margin=&#8221;0px||0px||true|false&#8221; custom_padding=&#8221;0px||0px||true|false&#8221; custom_css_main_element=&#8221;top: 0px;||right: 0px;||left: 0px;&#8221; global_colors_info=&#8221;{}&#8221;][et_pb_column type=&#8221;4_4&#8243; _builder_version=&#8221;4.16&#8243; _module_preset=&#8221;default&#8221; global_colors_info=&#8221;{}&#8221;][\/et_pb_column][\/et_pb_row][et_pb_row module_class=&#8221;inline-btn&#8221; _builder_version=&#8221;4.16&#8243; _module_preset=&#8221;default&#8221; width=&#8221;90%&#8221; max_width=&#8221;800px&#8221; custom_padding=&#8221;0px||30px||false|false&#8221; global_colors_info=&#8221;{}&#8221;][et_pb_column type=&#8221;4_4&#8243; _builder_version=&#8221;4.16&#8243; _module_preset=&#8221;default&#8221; global_colors_info=&#8221;{}&#8221;][et_pb_text module_class=&#8221;nexat-arrow&#8221; _builder_version=&#8221;4.22.2&#8243; _module_preset=&#8221;default&#8221; text_font=&#8221;|300|||||||&#8221; text_text_color=&#8221;#DCDCDC&#8221; link_font=&#8221;||||||||&#8221; header_font=&#8221;|700|||||||&#8221; header_text_color=&#8221;#FFFFFF&#8221; header_font_size=&#8221;40px&#8221; global_colors_info=&#8221;{}&#8221; link_text_color__hover=&#8221;rgba(181,44,36,0.8)&#8221; link_text_color__hover_enabled=&#8221;on|desktop&#8221;]<\/p>\n<h1>Prote\u00e7\u00e3o de plantas<\/h1>\n<p>A prote\u00e7\u00e3o de plantas \u00e9 uma parte importante da agricultura ar\u00e1vel para garantir altos rendimentos e \u00f3tima qualidade. Explore os m\u00f3dulos de prote\u00e7\u00e3o de culturas para o sistema NEXAT.<\/p>\n<p>[\/et_pb_text][et_pb_button button_text=&#8221;Saiba mais&#8221; module_id=&#8221;more&#8221; module_class=&#8221;scroll-to-section&#8221; _builder_version=&#8221;4.22.1&#8243; _module_preset=&#8221;default&#8221; custom_button=&#8221;on&#8221; button_text_size=&#8221;21px&#8221; button_text_color=&#8221;#B52C24&#8243; button_bg_color=&#8221;RGBA(0,0,0,0)&#8221; button_border_width=&#8221;0px&#8221; button_border_radius=&#8221;0px&#8221; button_font=&#8221;|300|||||||&#8221; button_icon=&#8221;&#x24;||divi||400&#8243; button_icon_color=&#8221;#B52C24&#8243; button_on_hover=&#8221;off&#8221; custom_margin=&#8221;0px|20px|0px|0px|true|false&#8221; custom_padding=&#8221;0px|25px|0px|0px|true|false&#8221; locked=&#8221;off&#8221; global_colors_info=&#8221;{}&#8221; button_text_color__hover=&#8221;rgba(181,44,36,0.8)&#8221; button_text_color__hover_enabled=&#8221;on|desktop&#8221; button_bg_color__hover=&#8221;RGBA(0,0,0,0)&#8221; button_bg_color__hover_enabled=&#8221;on|desktop&#8221; button_icon_color__hover=&#8221;rgba(181,44,36,0.8)&#8221; button_icon_color__hover_enabled=&#8221;on|desktop&#8221;][\/et_pb_button][\/et_pb_column][\/et_pb_row][\/et_pb_section][et_pb_section fb_built=&#8221;1&#8243; custom_padding_last_edited=&#8221;on|tablet&#8221; admin_label=&#8221;Section&#8221; _builder_version=&#8221;4.16&#8243; _module_preset=&#8221;default&#8221; background_color=&#8221;#FFFFFF&#8221; custom_padding=&#8221;40px||70px||false|false&#8221; custom_padding_tablet=&#8221;40px||40px||true|false&#8221; custom_padding_phone=&#8221;30px||30px||true|false&#8221; da_disable_devices=&#8221;off|off|off&#8221; locked=&#8221;off&#8221; global_colors_info=&#8221;{}&#8221; da_is_popup=&#8221;off&#8221; da_exit_intent=&#8221;off&#8221; da_has_close=&#8221;on&#8221; da_alt_close=&#8221;off&#8221; da_dark_close=&#8221;off&#8221; da_not_modal=&#8221;on&#8221; da_is_singular=&#8221;off&#8221; da_with_loader=&#8221;off&#8221; da_has_shadow=&#8221;on&#8221;][et_pb_row column_structure=&#8221;1_2,1_2&#8243; use_custom_gutter=&#8221;on&#8221; gutter_width=&#8221;1&#8243; make_equal=&#8221;on&#8221; custom_padding_last_edited=&#8221;on|desktop&#8221; _builder_version=&#8221;4.22.2&#8243; _module_preset=&#8221;default&#8221; width=&#8221;90%&#8221; max_width=&#8221;1500px&#8221; custom_padding=&#8221;30px||0px||false|false&#8221; custom_padding_tablet=&#8221;||||false|false&#8221; custom_padding_phone=&#8221;||||false|false&#8221; custom_css_main_element=&#8221;min-height: 300px;&#8221; global_colors_info=&#8221;{}&#8221;][et_pb_column type=&#8221;1_2&#8243; module_id=&#8221;target-more&#8221; _builder_version=&#8221;4.22.2&#8243; _module_preset=&#8221;default&#8221; background_color=&#8221;#ECECEC&#8221; background_image=&#8221;https:\/\/www.nexat.de\/wp-content\/uploads\/2023\/12\/nexat-spritze.jpg&#8221; custom_padding=&#8221;30px||30px||false|false&#8221; custom_css_main_element=&#8221;margin-bottom: 0px !important;||display: flex;||flex-direction: column;||justify-content: center;||min-height: 400px;&#8221; border_radii=&#8221;on|2px|2px|2px|2px&#8221; global_colors_info=&#8221;{}&#8221; custom_css_main_element_tablet=&#8221;margin-bottom: 0px !important;||display: flex;||flex-direction: column;||justify-content: center;||min-height: 300px;&#8221; custom_css_main_element_last_edited=&#8221;on|tablet&#8221; custom_css_main_element_phone=&#8221;margin-bottom: 0px !important;||display: flex;||flex-direction: column;||justify-content: center;||min-height: 300px;&#8221;][et_pb_text _builder_version=&#8221;4.16&#8243; _module_preset=&#8221;default&#8221; global_colors_info=&#8221;{}&#8221;][\/et_pb_text][\/et_pb_column][et_pb_column type=&#8221;1_2&#8243; _builder_version=&#8221;4.16&#8243; _module_preset=&#8221;default&#8221; custom_padding=&#8221;60px||60px|40px|true|false&#8221; custom_padding_tablet=&#8221;30px||30px|0px|true|false&#8221; custom_padding_phone=&#8221;30px||30px||true|false&#8221; custom_padding_last_edited=&#8221;on|tablet&#8221; custom_css_main_element=&#8221;margin-bottom: 0px !important;||display: flex;||flex-direction: column;||justify-content: center;&#8221; global_colors_info=&#8221;{}&#8221;][et_pb_text module_id=&#8221;target-partner&#8221; _builder_version=&#8221;4.27.3&#8243; _module_preset=&#8221;default&#8221; text_font=&#8221;|300|||||||&#8221; text_text_color=&#8221;#292929&#8243; link_font=&#8221;||||||||&#8221; header_font=&#8221;|700|||||||&#8221; header_text_color=&#8221;#FFFFFF&#8221; header_font_size=&#8221;40px&#8221; header_2_font=&#8221;|700|||||||&#8221; header_2_text_color=&#8221;#1D1D1D&#8221; header_2_font_size=&#8221;34px&#8221; header_3_font=&#8221;|700|||||||&#8221; header_3_text_color=&#8221;#1D1D1D&#8221; header_3_font_size=&#8221;28px&#8221; custom_margin=&#8221;||35px||false|false&#8221; global_colors_info=&#8221;{}&#8221; link_text_color__hover=&#8221;rgba(181,44,36,0.8)&#8221; link_text_color__hover_enabled=&#8221;on|desktop&#8221;]<\/p>\n<h3>Dammann | SFP22056 &#8211; Profi-Class<\/h3>\n<p>Para espalhar fertilizantes l\u00edquidos ou aplicar produtos fitossanit\u00e1rios. Com suas enormes larguras de trabalho e capacidade, o m\u00f3dulo de prote\u00e7\u00e3o de culturas para o NEXAT oferece uma poderosa tecnologia de aplica\u00e7\u00e3o com precis\u00e3o absoluta. Para uma produ\u00e7\u00e3o vegetal mais saud\u00e1vel e sustent\u00e1vel.<\/p>\n<ul class=\"icn-list vorteile\">\n<li>Interface ISOBUS<\/li>\n<li>Aplica\u00e7\u00e3o precisa em velocidades constantemente altas<\/li>\n<li>Largura de trabalho 42 \/ 56 \/ 70 m<\/li>\n<li>Cont\u00eainer de l\u00edquido 18.000 \/ 22.000 litros<\/li>\n<li>2 m de dist\u00e2ncia do solo<\/li>\n<\/ul>\n<p>[\/et_pb_text][et_pb_blurb title=&#8221;Controle de se\u00e7\u00e3o&#8221; image=&#8221;https:\/\/www.nexat.de\/wp-content\/uploads\/2023\/12\/section_control.jpg&#8221; icon_placement=&#8221;left&#8221; image_icon_width=&#8221;100px&#8221; content_max_width=&#8221;100%&#8221; _builder_version=&#8221;4.22.2&#8243; _module_preset=&#8221;default&#8221; header_font=&#8221;|700|||||||&#8221; header_font_size=&#8221;21px&#8221; header_line_height=&#8221;1.5em&#8221; body_font=&#8221;|300|||||||&#8221; custom_css_blurb_title=&#8221;padding: 0;&#8221; global_colors_info=&#8221;{}&#8221;]<\/p>\n<p>Desligamento preciso dos bicos<\/p>\n<p>[\/et_pb_blurb][et_pb_blurb title=&#8221;Controle de taxas&#8221; image=&#8221;https:\/\/www.nexat.de\/wp-content\/uploads\/2023\/12\/rate_control.jpg&#8221; icon_placement=&#8221;left&#8221; image_icon_width=&#8221;100px&#8221; content_max_width=&#8221;100%&#8221; _builder_version=&#8221;4.22.2&#8243; _module_preset=&#8221;default&#8221; header_font=&#8221;|700|||||||&#8221; header_font_size=&#8221;21px&#8221; header_line_height=&#8221;1.5em&#8221; body_font=&#8221;|300|||||||&#8221; custom_margin=&#8221;20px||||false|false&#8221; custom_css_blurb_title=&#8221;padding: 0;&#8221; global_colors_info=&#8221;{}&#8221;]Taxa de aplica\u00e7\u00e3o perfeita adaptada \u00e0 cultura[\/et_pb_blurb][et_pb_blurb title=&#8221;Controle de curva&#8221; image=&#8221;https:\/\/www.nexat.de\/wp-content\/uploads\/2023\/12\/curve_control.jpg&#8221; icon_placement=&#8221;left&#8221; image_icon_width=&#8221;100px&#8221; content_max_width=&#8221;100%&#8221; _builder_version=&#8221;4.22.2&#8243; _module_preset=&#8221;default&#8221; header_font=&#8221;|700|||||||&#8221; header_font_size=&#8221;21px&#8221; header_line_height=&#8221;1.5em&#8221; body_font=&#8221;|300|||||||&#8221; custom_margin=&#8221;20px||||false|false&#8221; custom_css_blurb_title=&#8221;padding: 0;&#8221; global_colors_info=&#8221;{}&#8221;]<\/p>\n<p>Sempre a taxa de aplica\u00e7\u00e3o correta, mesmo em curvas<\/p>\n<p>[\/et_pb_blurb][\/et_pb_column][\/et_pb_row][et_pb_row column_structure=&#8221;1_2,1_2&#8243; use_custom_gutter=&#8221;on&#8221; gutter_width=&#8221;1&#8243; make_equal=&#8221;on&#8221; custom_padding_last_edited=&#8221;on|desktop&#8221; _builder_version=&#8221;4.27.3&#8243; _module_preset=&#8221;default&#8221; width=&#8221;90%&#8221; max_width=&#8221;1500px&#8221; custom_padding=&#8221;30px||0px||false|false&#8221; custom_padding_tablet=&#8221;||||false|false&#8221; custom_padding_phone=&#8221;||||false|false&#8221; custom_css_main_element=&#8221;min-height: 300px;&#8221; global_colors_info=&#8221;{}&#8221;][et_pb_column type=&#8221;1_2&#8243; module_id=&#8221;target-more&#8221; _builder_version=&#8221;4.27.3&#8243; _module_preset=&#8221;default&#8221; background_color=&#8221;#ECECEC&#8221; background_image=&#8221;https:\/\/www.nexat.de\/wp-content\/uploads\/2025\/06\/Incomagri-2024-10-20-at-16.31.52.jpeg&#8221; custom_padding=&#8221;30px||30px||false|false&#8221; custom_css_main_element=&#8221;margin-bottom: 0px !important;||display: flex;||flex-direction: column;||justify-content: center;||min-height: 400px;&#8221; border_radii=&#8221;on|2px|2px|2px|2px&#8221; global_colors_info=&#8221;{}&#8221; custom_css_main_element_tablet=&#8221;margin-bottom: 0px !important;||display: flex;||flex-direction: column;||justify-content: center;||min-height: 300px;&#8221; custom_css_main_element_last_edited=&#8221;on|tablet&#8221; custom_css_main_element_phone=&#8221;margin-bottom: 0px !important;||display: flex;||flex-direction: column;||justify-content: center;||min-height: 300px;&#8221;][et_pb_text _builder_version=&#8221;4.16&#8243; _module_preset=&#8221;default&#8221; global_colors_info=&#8221;{}&#8221;][\/et_pb_text][\/et_pb_column][et_pb_column type=&#8221;1_2&#8243; _builder_version=&#8221;4.16&#8243; _module_preset=&#8221;default&#8221; custom_padding=&#8221;60px||60px|40px|true|false&#8221; custom_padding_tablet=&#8221;30px||30px|0px|true|false&#8221; custom_padding_phone=&#8221;30px||30px||true|false&#8221; custom_padding_last_edited=&#8221;on|tablet&#8221; custom_css_main_element=&#8221;margin-bottom: 0px !important;||display: flex;||flex-direction: column;||justify-content: center;&#8221; global_colors_info=&#8221;{}&#8221;][et_pb_text module_id=&#8221;target-partner&#8221; _builder_version=&#8221;4.27.3&#8243; _module_preset=&#8221;default&#8221; text_font=&#8221;|300|||||||&#8221; text_text_color=&#8221;#292929&#8243; link_font=&#8221;||||||||&#8221; header_font=&#8221;|700|||||||&#8221; header_text_color=&#8221;#FFFFFF&#8221; header_font_size=&#8221;40px&#8221; header_2_font=&#8221;|700|||||||&#8221; header_2_text_color=&#8221;#1D1D1D&#8221; header_2_font_size=&#8221;34px&#8221; header_3_font=&#8221;|700|||||||&#8221; header_3_text_color=&#8221;#1D1D1D&#8221; header_3_font_size=&#8221;28px&#8221; custom_margin=&#8221;||35px||false|false&#8221; global_colors_info=&#8221;{}&#8221; link_text_color__hover=&#8221;rgba(181,44,36,0.8)&#8221; link_text_color__hover_enabled=&#8221;on|desktop&#8221;]<\/p>\n<h3>Incomagri | Overlander 18.000<\/h3>\n<p>Juntamente com a Incomagri, estamos trazendo o Overlander 18.000 para o Brasil &#8211; o maior pulverizador do g\u00eanero no pa\u00eds. \u201cEssa introdu\u00e7\u00e3o marca um novo cap\u00edtulo na hist\u00f3ria da agricultura brasileira e posiciona a empresa na vanguarda da inova\u00e7\u00e3o\u201d, conclui Carlos Reinaldo Nogueira Filho (Gerente Comercial da Incomagri).<\/p>\n<ul class=\"icn-list vorteile\">\n<li>Quatro bombas de pulveriza\u00e7\u00e3o com 300 l\/min cada<\/li>\n<li>At\u00e9 70 m de barra<\/li>\n<li>2 tanques de a\u00e7o inoxid\u00e1vel de 9.000 L cada<\/li>\n<li>Comunica\u00e7\u00e3o ISOBUS<\/li>\n<\/ul>\n<p>[\/et_pb_text][\/et_pb_column][\/et_pb_row][et_pb_row column_structure=&#8221;1_2,1_2&#8243; use_custom_gutter=&#8221;on&#8221; gutter_width=&#8221;1&#8243; make_equal=&#8221;on&#8221; custom_padding_last_edited=&#8221;on|desktop&#8221; _builder_version=&#8221;4.27.3&#8243; _module_preset=&#8221;default&#8221; width=&#8221;90%&#8221; max_width=&#8221;1500px&#8221; custom_padding=&#8221;30px||0px||false|false&#8221; custom_padding_tablet=&#8221;||||false|false&#8221; custom_padding_phone=&#8221;||||false|false&#8221; custom_css_main_element=&#8221;min-height: 300px;&#8221; global_colors_info=&#8221;{}&#8221;][et_pb_column type=&#8221;1_2&#8243; module_id=&#8221;target-more&#8221; _builder_version=&#8221;4.27.3&#8243; _module_preset=&#8221;default&#8221; background_color=&#8221;#ECECEC&#8221; background_image=&#8221;https:\/\/www.nexat.de\/wp-content\/uploads\/2025\/06\/3_Crop_Protection_Einboeck_Row-Hoe_DJI_0036-scaled.jpg&#8221; custom_padding=&#8221;30px||30px||false|false&#8221; custom_css_main_element=&#8221;margin-bottom: 0px !important;||display: flex;||flex-direction: column;||justify-content: center;||min-height: 400px;&#8221; border_radii=&#8221;on|2px|2px|2px|2px&#8221; global_colors_info=&#8221;{}&#8221; custom_css_main_element_tablet=&#8221;margin-bottom: 0px !important;||display: flex;||flex-direction: column;||justify-content: center;||min-height: 300px;&#8221; custom_css_main_element_last_edited=&#8221;on|tablet&#8221; custom_css_main_element_phone=&#8221;margin-bottom: 0px !important;||display: flex;||flex-direction: column;||justify-content: center;||min-height: 300px;&#8221;][et_pb_text _builder_version=&#8221;4.16&#8243; _module_preset=&#8221;default&#8221; global_colors_info=&#8221;{}&#8221;][\/et_pb_text][\/et_pb_column][et_pb_column type=&#8221;1_2&#8243; _builder_version=&#8221;4.16&#8243; _module_preset=&#8221;default&#8221; custom_padding=&#8221;60px||60px|40px|true|false&#8221; custom_padding_tablet=&#8221;30px||30px|0px|true|false&#8221; custom_padding_phone=&#8221;30px||30px||true|false&#8221; custom_padding_last_edited=&#8221;on|tablet&#8221; custom_css_main_element=&#8221;margin-bottom: 0px !important;||display: flex;||flex-direction: column;||justify-content: center;&#8221; global_colors_info=&#8221;{}&#8221;][et_pb_text module_id=&#8221;target-partner&#8221; _builder_version=&#8221;4.27.3&#8243; _module_preset=&#8221;default&#8221; text_font=&#8221;|300|||||||&#8221; text_text_color=&#8221;#292929&#8243; link_font=&#8221;||||||||&#8221; header_font=&#8221;|700|||||||&#8221; header_text_color=&#8221;#FFFFFF&#8221; header_font_size=&#8221;40px&#8221; header_2_font=&#8221;|700|||||||&#8221; header_2_text_color=&#8221;#1D1D1D&#8221; header_2_font_size=&#8221;34px&#8221; header_3_font=&#8221;|700|||||||&#8221; header_3_text_color=&#8221;#1D1D1D&#8221; header_3_font_size=&#8221;28px&#8221; custom_margin=&#8221;||35px||false|false&#8221; global_colors_info=&#8221;{}&#8221; link_text_color__hover=&#8221;rgba(181,44,36,0.8)&#8221; link_text_color__hover_enabled=&#8221;on|desktop&#8221;]<\/p>\n<h3>Einb\u00f6ck | CHOPSTAR-MAX<\/h3>\n<p>O cultivador de linhas da EINB\u00d6CK trabalha com 14 metros de largura e um espa\u00e7amento entre linhas de 50 cm. Equipado com o sistema de dire\u00e7\u00e3o por c\u00e2mera de alta precis\u00e3o ROW-GUARD da EINB\u00d6CK, \u00e9 poss\u00edvel operar o CHOPSTAR-MAX muito pr\u00f3ximo \u00e0s fileiras de cultivo, reduzindo significativamente o uso de produtos qu\u00edmicos para prote\u00e7\u00e3o de cultivos.<\/p>\n<ul class=\"icn-list vorteile\">\n<li>14 m (45 p\u00e9s) de largura de trabalho<\/li>\n<li>50 cm de espa\u00e7amento entre linhas<\/li>\n<li>C\u00e2mera ROW-GUARD de alta precis\u00e3o<\/li>\n<li>Reduz o uso de defensivos qu\u00edmicos<\/li>\n<\/ul>\n<p>[\/et_pb_text][\/et_pb_column][\/et_pb_row][\/et_pb_section]<\/p>\n","protected":false},"excerpt":{"rendered":"<p>Prote\u00e7\u00e3o de plantas A prote\u00e7\u00e3o de plantas \u00e9 uma parte importante da agricultura ar\u00e1vel para garantir altos rendimentos e \u00f3tima qualidade. Explore os m\u00f3dulos de prote\u00e7\u00e3o de culturas para o sistema NEXAT.Dammann | SFP22056 &#8211; Profi-Class Para espalhar fertilizantes l\u00edquidos ou aplicar produtos fitossanit\u00e1rios. Com suas enormes larguras de trabalho e capacidade, o m\u00f3dulo de [&hellip;]<\/p>\n","protected":false},"author":1,"featured_media":0,"parent":6649,"menu_order":3,"comment_status":"closed","ping_status":"closed","template":"","meta":{"_et_pb_use_builder":"on","_et_pb_old_content":"","_et_gb_content_width":"","footnotes":""},"class_list":["post-6702","page","type-page","status-publish","hentry"],"_links":{"self":[{"href":"https:\/\/www.nexat.de\/pt-br\/wp-json\/wp\/v2\/pages\/6702","targetHints":{"allow":["GET"]}}],"collection":[{"href":"https:\/\/www.nexat.de\/pt-br\/wp-json\/wp\/v2\/pages"}],"about":[{"href":"https:\/\/www.nexat.de\/pt-br\/wp-json\/wp\/v2\/types\/page"}],"author":[{"embeddable":true,"href":"https:\/\/www.nexat.de\/pt-br\/wp-json\/wp\/v2\/users\/1"}],"replies":[{"embeddable":true,"href":"https:\/\/www.nexat.de\/pt-br\/wp-json\/wp\/v2\/comments?post=6702"}],"version-history":[{"count":8,"href":"https:\/\/www.nexat.de\/pt-br\/wp-json\/wp\/v2\/pages\/6702\/revisions"}],"predecessor-version":[{"id":14335,"href":"https:\/\/www.nexat.de\/pt-br\/wp-json\/wp\/v2\/pages\/6702\/revisions\/14335"}],"up":[{"embeddable":true,"href":"https:\/\/www.nexat.de\/pt-br\/wp-json\/wp\/v2\/pages\/6649"}],"wp:attachment":[{"href":"https:\/\/www.nexat.de\/pt-br\/wp-json\/wp\/v2\/media?parent=6702"}],"curies":[{"name":"wp","href":"https:\/\/api.w.org\/{rel}","templated":true}]}}