{"id":6531,"date":"2024-03-14T11:06:57","date_gmt":"2024-03-14T10:06:57","guid":{"rendered":"https:\/\/www.nexat.de\/sala-de-imprensa\/"},"modified":"2024-03-14T12:48:51","modified_gmt":"2024-03-14T11:48:51","slug":"sala-de-imprensa","status":"publish","type":"page","link":"https:\/\/www.nexat.de\/pt-br\/sala-de-imprensa\/","title":{"rendered":"Sala de Imprensa"},"content":{"rendered":"<p>[et_pb_section fb_built=&#8221;1&#8243; custom_padding_last_edited=&#8221;on|tablet&#8221; admin_label=&#8221;Section&#8221; _builder_version=&#8221;4.16&#8243; _module_preset=&#8221;default&#8221; background_color=&#8221;#FFFFFF&#8221; custom_margin=&#8221;67px||||false|false&#8221; custom_padding=&#8221;40px||70px||false|false&#8221; custom_padding_tablet=&#8221;40px||40px||true|false&#8221; custom_padding_phone=&#8221;30px||30px||true|false&#8221; da_disable_devices=&#8221;off|off|off&#8221; global_colors_info=&#8221;{}&#8221; da_is_popup=&#8221;off&#8221; da_exit_intent=&#8221;off&#8221; da_has_close=&#8221;on&#8221; da_alt_close=&#8221;off&#8221; da_dark_close=&#8221;off&#8221; da_not_modal=&#8221;on&#8221; da_is_singular=&#8221;off&#8221; da_with_loader=&#8221;off&#8221; da_has_shadow=&#8221;on&#8221;][et_pb_row column_structure=&#8221;1_2,1_2&#8243; use_custom_gutter=&#8221;on&#8221; gutter_width=&#8221;1&#8243; make_equal=&#8221;on&#8221; custom_padding_last_edited=&#8221;on|desktop&#8221; _builder_version=&#8221;4.16&#8243; _module_preset=&#8221;default&#8221; width=&#8221;90%&#8221; max_width=&#8221;1500px&#8221; custom_padding=&#8221;30px||0px||false|false&#8221; custom_padding_tablet=&#8221;||||false|false&#8221; custom_padding_phone=&#8221;||||false|false&#8221; global_colors_info=&#8221;{}&#8221;][et_pb_column type=&#8221;1_2&#8243; module_id=&#8221;target-more&#8221; _builder_version=&#8221;4.16&#8243; _module_preset=&#8221;default&#8221; background_enable_color=&#8221;off&#8221; background_enable_image=&#8221;off&#8221; custom_padding=&#8221;0px||0px||true|false&#8221; custom_css_main_element=&#8221;margin-bottom: 0px !important;&#8221; border_radii=&#8221;on|2px|2px|2px|2px&#8221; global_colors_info=&#8221;{}&#8221;][et_pb_image src=&#8221;https:\/\/www.nexat.de\/wp-content\/uploads\/2023\/10\/nexat-ewgroup.jpg&#8221; title_text=&#8221;nexat-ewgroup&#8221; url=&#8221;@ET-DC@eyJkeW5hbWljIjp0cnVlLCJjb250ZW50IjoicG9zdF9saW5rX3VybF9wb3N0Iiwic2V0dGluZ3MiOnsicG9zdF9pZCI6IjU3MDIifX0=@&#8221; show_bottom_space=&#8221;off&#8221; module_class=&#8221;image-fit&#8221; _builder_version=&#8221;4.22.2&#8243; _dynamic_attributes=&#8221;url&#8221; _module_preset=&#8221;default&#8221; custom_margin=&#8221;||0px||false|false&#8221; custom_css_main_element=&#8221;min-height: 400px;||height: 100%;&#8221; global_colors_info=&#8221;{}&#8221; custom_css_main_element_last_edited=&#8221;on|tablet&#8221; custom_css_main_element_tablet=&#8221;min-height: 300px;||height: 100%;&#8221; custom_css_main_element_phone=&#8221;min-height: 300px;||height: 100%;&#8221;][\/et_pb_image][\/et_pb_column][et_pb_column type=&#8221;1_2&#8243; _builder_version=&#8221;4.16&#8243; _module_preset=&#8221;default&#8221; custom_padding=&#8221;60px||60px|40px|true|false&#8221; custom_padding_tablet=&#8221;30px||30px|0px|true|false&#8221; custom_padding_phone=&#8221;30px||30px||true|false&#8221; custom_padding_last_edited=&#8221;on|tablet&#8221; custom_css_main_element=&#8221;margin-bottom: 0px !important;||display: flex;||flex-direction: column;||justify-content: center;&#8221; global_colors_info=&#8221;{}&#8221;][et_pb_text module_id=&#8221;target-more&#8221; _builder_version=&#8221;4.22.2&#8243; _module_preset=&#8221;default&#8221; text_font=&#8221;|300|||||||&#8221; text_text_color=&#8221;#292929&#8243; link_font=&#8221;||||||||&#8221; header_font=&#8221;|700|||||||&#8221; header_text_color=&#8221;#FFFFFF&#8221; header_font_size=&#8221;40px&#8221; header_2_font=&#8221;|700|||||||&#8221; header_2_text_color=&#8221;#1D1D1D&#8221; header_2_font_size=&#8221;28px&#8221; header_3_font=&#8221;|700|||||||&#8221; header_3_text_color=&#8221;#1D1D1D&#8221; header_3_font_size=&#8221;28px&#8221; custom_margin=&#8221;||20px||false|false&#8221; global_colors_info=&#8221;{}&#8221; link_text_color__hover=&#8221;rgba(181,44,36,0.8)&#8221; link_text_color__hover_enabled=&#8221;on|desktop&#8221;]<\/p>\n<h2>NEXAT e EW Group com parceria voltada para o futuro<\/h2>\n<p>A fabricante de m\u00e1quinas agr\u00edcolas NEXAT e a holding familiar internacional EW Group anunciam uma coopera\u00e7\u00e3o estrat\u00e9gica na prepara\u00e7\u00e3o para a AGRITECHNICA.<\/p>\n<p>[\/et_pb_text][et_pb_button button_url=&#8221;@ET-DC@eyJkeW5hbWljIjp0cnVlLCJjb250ZW50IjoicG9zdF9saW5rX3VybF9wb3N0Iiwic2V0dGluZ3MiOnsicG9zdF9pZCI6IjU3MDIifX0=@&#8221; button_text=&#8221;Leia o artigo&#8221; module_id=&#8221;pressebilder&#8221; module_class=&#8221;scroll-to-section&#8221; _builder_version=&#8221;4.22.2&#8243; _dynamic_attributes=&#8221;button_url&#8221; _module_preset=&#8221;default&#8221; custom_button=&#8221;on&#8221; button_text_size=&#8221;21px&#8221; button_text_color=&#8221;#B52C24&#8243; button_bg_color=&#8221;RGBA(0,0,0,0)&#8221; button_border_width=&#8221;0px&#8221; button_border_radius=&#8221;0px&#8221; button_font=&#8221;|300|||||||&#8221; button_icon=&#8221;&#x24;||divi||400&#8243; button_icon_color=&#8221;#B52C24&#8243; button_on_hover=&#8221;off&#8221; custom_margin=&#8221;0px|20px|0px|0px|true|false&#8221; custom_padding=&#8221;0px|25px|0px|0px|true|false&#8221; global_colors_info=&#8221;{}&#8221; button_text_color__hover=&#8221;rgba(181,44,36,0.8)&#8221; button_text_color__hover_enabled=&#8221;on|desktop&#8221; button_bg_color__hover=&#8221;RGBA(0,0,0,0)&#8221; button_bg_color__hover_enabled=&#8221;on|desktop&#8221; button_icon_color__hover_enabled=&#8221;on|desktop&#8221; button_icon_color__hover=&#8221;rgba(181,44,36,0.8)&#8221;][\/et_pb_button][\/et_pb_column][\/et_pb_row][et_pb_row column_structure=&#8221;1_2,1_2&#8243; use_custom_gutter=&#8221;on&#8221; gutter_width=&#8221;1&#8243; make_equal=&#8221;on&#8221; custom_padding_last_edited=&#8221;on|desktop&#8221; _builder_version=&#8221;4.16&#8243; _module_preset=&#8221;default&#8221; width=&#8221;90%&#8221; max_width=&#8221;1500px&#8221; custom_padding=&#8221;30px||0px||false|false&#8221; custom_padding_tablet=&#8221;||||false|false&#8221; custom_padding_phone=&#8221;||||false|false&#8221; global_colors_info=&#8221;{}&#8221;][et_pb_column type=&#8221;1_2&#8243; module_id=&#8221;target-more&#8221; _builder_version=&#8221;4.16&#8243; _module_preset=&#8221;default&#8221; background_enable_color=&#8221;off&#8221; background_enable_image=&#8221;off&#8221; custom_padding=&#8221;0px||0px||true|false&#8221; custom_css_main_element=&#8221;margin-bottom: 0px !important;&#8221; border_radii=&#8221;on|2px|2px|2px|2px&#8221; global_colors_info=&#8221;{}&#8221;][et_pb_image src=&#8221;https:\/\/www.nexat.de\/wp-content\/uploads\/2023\/10\/news-agrifuture-2023-update.jpg&#8221; title_text=&#8221;not\u00edcias-agrifuture-2023-update&#8221; url=&#8221;@ET-DC@eyJkeW5hbWljIjp0cnVlLCJjb250ZW50IjoicG9zdF9saW5rX3VybF9wb3N0Iiwic2V0dGluZ3MiOnsicG9zdF9pZCI6IjU0OTYifX0=@&#8221; show_bottom_space=&#8221;off&#8221; module_class=&#8221;image-fit&#8221; _builder_version=&#8221;4.22.2&#8243; _dynamic_attributes=&#8221;url&#8221; _module_preset=&#8221;default&#8221; custom_margin=&#8221;||0px||false|false&#8221; custom_css_main_element=&#8221;min-height: 400px;||height: 100%;&#8221; global_colors_info=&#8221;{}&#8221; custom_css_main_element_last_edited=&#8221;on|tablet&#8221; custom_css_main_element_tablet=&#8221;min-height: 300px;||height: 100%;&#8221; custom_css_main_element_phone=&#8221;min-height: 300px;||height: 100%;&#8221;][\/et_pb_image][\/et_pb_column][et_pb_column type=&#8221;1_2&#8243; _builder_version=&#8221;4.16&#8243; _module_preset=&#8221;default&#8221; custom_padding=&#8221;60px||60px|40px|true|false&#8221; custom_padding_tablet=&#8221;30px||30px|0px|true|false&#8221; custom_padding_phone=&#8221;30px||30px||true|false&#8221; custom_padding_last_edited=&#8221;on|tablet&#8221; custom_css_main_element=&#8221;margin-bottom: 0px !important;||display: flex;||flex-direction: column;||justify-content: center;&#8221; global_colors_info=&#8221;{}&#8221;][et_pb_text module_id=&#8221;target-more&#8221; _builder_version=&#8221;4.22.2&#8243; _module_preset=&#8221;default&#8221; text_font=&#8221;|300|||||||&#8221; text_text_color=&#8221;#292929&#8243; link_font=&#8221;||||||||&#8221; header_font=&#8221;|700|||||||&#8221; header_text_color=&#8221;#FFFFFF&#8221; header_font_size=&#8221;40px&#8221; header_2_font=&#8221;|700|||||||&#8221; header_2_text_color=&#8221;#1D1D1D&#8221; header_2_font_size=&#8221;28px&#8221; header_3_font=&#8221;|700|||||||&#8221; header_3_text_color=&#8221;#1D1D1D&#8221; header_3_font_size=&#8221;28px&#8221; custom_margin=&#8221;||20px||false|false&#8221; global_colors_info=&#8221;{}&#8221; link_text_color__hover=&#8221;rgba(181,44,36,0.8)&#8221; link_text_color__hover_enabled=&#8221;on|desktop&#8221;]<\/p>\n<h2>NEXAT \u00e9 o vencedor oficial do pr\u00eamio agrifuture concept winner 2023<\/h2>\n<p>O conceito de cultivo de v\u00e1rias culturas com o sistema NEXAT foi homenageado pela DLG com o pr\u00eamio agrifuture concept winner 2023. Esse pr\u00eamio reconhece inova\u00e7\u00f5es agr\u00edcolas e ideias pioneiras no campo da tecnologia agr\u00edcola. O pr\u00eamio se concentra nas possibilidades tecnol\u00f3gicas dos pr\u00f3ximos 5 a 10 anos e considera as oportunidades realistas para sua realiza\u00e7\u00e3o.<\/p>\n<p>[\/et_pb_text][et_pb_button button_url=&#8221;@ET-DC@eyJkeW5hbWljIjp0cnVlLCJjb250ZW50IjoicG9zdF9saW5rX3VybF9wb3N0Iiwic2V0dGluZ3MiOnsicG9zdF9pZCI6IjU0OTYifX0=@&#8221; button_text=&#8221;Leia o artigo&#8221; module_id=&#8221;pressebilder&#8221; module_class=&#8221;scroll-to-section&#8221; _builder_version=&#8221;4.22.2&#8243; _dynamic_attributes=&#8221;button_url&#8221; _module_preset=&#8221;default&#8221; custom_button=&#8221;on&#8221; button_text_size=&#8221;21px&#8221; button_text_color=&#8221;#B52C24&#8243; button_bg_color=&#8221;RGBA(0,0,0,0)&#8221; button_border_width=&#8221;0px&#8221; button_border_radius=&#8221;0px&#8221; button_font=&#8221;|300|||||||&#8221; button_icon=&#8221;&#x24;||divi||400&#8243; button_icon_color=&#8221;#B52C24&#8243; button_on_hover=&#8221;off&#8221; custom_margin=&#8221;0px|20px|0px|0px|true|false&#8221; custom_padding=&#8221;0px|25px|0px|0px|true|false&#8221; global_colors_info=&#8221;{}&#8221; button_text_color__hover=&#8221;rgba(181,44,36,0.8)&#8221; button_text_color__hover_enabled=&#8221;on|desktop&#8221; button_bg_color__hover=&#8221;RGBA(0,0,0,0)&#8221; button_bg_color__hover_enabled=&#8221;on|desktop&#8221; button_icon_color__hover_enabled=&#8221;on|desktop&#8221; button_icon_color__hover=&#8221;rgba(181,44,36,0.8)&#8221;][\/et_pb_button][\/et_pb_column][\/et_pb_row][et_pb_row column_structure=&#8221;1_2,1_2&#8243; use_custom_gutter=&#8221;on&#8221; gutter_width=&#8221;1&#8243; make_equal=&#8221;on&#8221; custom_padding_last_edited=&#8221;on|desktop&#8221; _builder_version=&#8221;4.16&#8243; _module_preset=&#8221;default&#8221; width=&#8221;90%&#8221; max_width=&#8221;1500px&#8221; custom_padding=&#8221;30px||0px||false|false&#8221; custom_padding_tablet=&#8221;||||false|false&#8221; custom_padding_phone=&#8221;||||false|false&#8221; global_colors_info=&#8221;{}&#8221;][et_pb_column type=&#8221;1_2&#8243; module_id=&#8221;target-more&#8221; _builder_version=&#8221;4.16&#8243; _module_preset=&#8221;default&#8221; background_enable_color=&#8221;off&#8221; background_enable_image=&#8221;off&#8221; custom_padding=&#8221;0px||0px||true|false&#8221; custom_css_main_element=&#8221;margin-bottom: 0px !important;&#8221; border_radii=&#8221;on|2px|2px|2px|2px&#8221; global_colors_info=&#8221;{}&#8221;][et_pb_image src=&#8221;https:\/\/www.nexat.de\/wp-content\/uploads\/2023\/09\/news-agritechnica-messestand-2023.jpg&#8221; title_text=&#8221;not\u00edcias-agritechnica-booth-2023&#8243; url=&#8221;@ET-DC@eyJkeW5hbWljIjp0cnVlLCJjb250ZW50IjoicG9zdF9saW5rX3VybF9wb3N0Iiwic2V0dGluZ3MiOnsicG9zdF9pZCI6IjQ2NDcifX0=@&#8221; show_bottom_space=&#8221;off&#8221; module_class=&#8221;image-fit&#8221; _builder_version=&#8221;4.22.2&#8243; _dynamic_attributes=&#8221;url&#8221; _module_preset=&#8221;default&#8221; custom_margin=&#8221;||0px||false|false&#8221; custom_css_main_element=&#8221;min-height: 400px;||height: 100%;&#8221; global_colors_info=&#8221;{}&#8221; custom_css_main_element_last_edited=&#8221;on|tablet&#8221; custom_css_main_element_tablet=&#8221;min-height: 300px;||height: 100%;&#8221; custom_css_main_element_phone=&#8221;min-height: 300px;||height: 100%;&#8221;][\/et_pb_image][\/et_pb_column][et_pb_column type=&#8221;1_2&#8243; _builder_version=&#8221;4.16&#8243; _module_preset=&#8221;default&#8221; custom_padding=&#8221;60px||60px|40px|true|false&#8221; custom_padding_tablet=&#8221;30px||30px|0px|true|false&#8221; custom_padding_phone=&#8221;30px||30px||true|false&#8221; custom_padding_last_edited=&#8221;on|tablet&#8221; custom_css_main_element=&#8221;margin-bottom: 0px !important;||display: flex;||flex-direction: column;||justify-content: center;&#8221; global_colors_info=&#8221;{}&#8221;][et_pb_text module_id=&#8221;target-more&#8221; _builder_version=&#8221;4.16&#8243; _module_preset=&#8221;default&#8221; text_font=&#8221;|300|||||||&#8221; text_text_color=&#8221;#292929&#8243; link_font=&#8221;||||||||&#8221; header_font=&#8221;|700|||||||&#8221; header_text_color=&#8221;#FFFFFF&#8221; header_font_size=&#8221;40px&#8221; header_2_font=&#8221;|700|||||||&#8221; header_2_text_color=&#8221;#1D1D1D&#8221; header_2_font_size=&#8221;28px&#8221; header_3_font=&#8221;|700|||||||&#8221; header_3_text_color=&#8221;#1D1D1D&#8221; header_3_font_size=&#8221;28px&#8221; custom_margin=&#8221;||20px||false|false&#8221; global_colors_info=&#8221;{}&#8221; link_text_color__hover=&#8221;rgba(181,44,36,0.8)&#8221; link_text_color__hover_enabled=&#8221;on|desktop&#8221;]<\/p>\n<h2>Inova\u00e7\u00e3o no cen\u00e1rio mundial: NEXAT estreia na Agritechnica 2023<\/h2>\n<p>De 12 a 18 de novembro de 2023, estaremos pela primeira vez na renomada feira comercial Agritechnica, em Hanover, para apresentar nossa tecnologia inovadora. O tema principal da feira &#8220;produtividade verde &#8211; inspira\u00e7\u00e3o e solu\u00e7\u00f5es&#8221; enfatiza a import\u00e2ncia da sustentabilidade e das novas tecnologias na agricultura.  <\/p>\n<p>[\/et_pb_text][et_pb_button button_url=&#8221;@ET-DC@eyJkeW5hbWljIjp0cnVlLCJjb250ZW50IjoicG9zdF9saW5rX3VybF9wb3N0Iiwic2V0dGluZ3MiOnsicG9zdF9pZCI6IjQ2NDcifX0=@&#8221; button_text=&#8221;Leia o artigo&#8221; module_id=&#8221;pressebilder&#8221; module_class=&#8221;scroll-to-section&#8221; _builder_version=&#8221;4.16&#8243; _dynamic_attributes=&#8221;button_url&#8221; _module_preset=&#8221;default&#8221; custom_button=&#8221;on&#8221; button_text_size=&#8221;21px&#8221; button_text_color=&#8221;#B52C24&#8243; button_bg_color=&#8221;RGBA(0,0,0,0)&#8221; button_border_width=&#8221;0px&#8221; button_border_radius=&#8221;0px&#8221; button_font=&#8221;|300|||||||&#8221; button_icon=&#8221;&#x24;||divi||400&#8243; button_icon_color=&#8221;#B52C24&#8243; button_on_hover=&#8221;off&#8221; custom_margin=&#8221;0px|20px|0px|0px|true|false&#8221; custom_padding=&#8221;0px|25px|0px|0px|true|false&#8221; global_colors_info=&#8221;{}&#8221; button_text_color__hover=&#8221;rgba(181,44,36,0.8)&#8221; button_text_color__hover_enabled=&#8221;on|desktop&#8221; button_bg_color__hover=&#8221;RGBA(0,0,0,0)&#8221; button_bg_color__hover_enabled=&#8221;on|desktop&#8221; button_icon_color__hover_enabled=&#8221;on|desktop&#8221; button_icon_color__hover=&#8221;rgba(181,44,36,0.8)&#8221;][\/et_pb_button][\/et_pb_column][\/et_pb_row][et_pb_row column_structure=&#8221;1_2,1_2&#8243; use_custom_gutter=&#8221;on&#8221; gutter_width=&#8221;1&#8243; make_equal=&#8221;on&#8221; custom_padding_last_edited=&#8221;on|desktop&#8221; _builder_version=&#8221;4.16&#8243; _module_preset=&#8221;default&#8221; width=&#8221;90%&#8221; max_width=&#8221;1500px&#8221; custom_padding=&#8221;30px||0px||false|false&#8221; custom_padding_tablet=&#8221;||||false|false&#8221; custom_padding_phone=&#8221;||||false|false&#8221; global_colors_info=&#8221;{}&#8221;][et_pb_column type=&#8221;1_2&#8243; module_id=&#8221;target-more&#8221; _builder_version=&#8221;4.16&#8243; _module_preset=&#8221;default&#8221; background_enable_color=&#8221;off&#8221; background_enable_image=&#8221;off&#8221; custom_padding=&#8221;0px||0px||true|false&#8221; custom_css_main_element=&#8221;margin-bottom: 0px !important;&#8221; border_radii=&#8221;on|2px|2px|2px|2px&#8221; global_colors_info=&#8221;{}&#8221;][et_pb_image src=&#8221;https:\/\/www.nexat.de\/wp-content\/uploads\/2021\/11\/news-agritechnica-medaille.jpg&#8221; title_text=&#8221;not\u00edcias-agritechnica-medal&#8221; url=&#8221;https:\/\/www.nexat.de\/pt-br\/?p=6512&#8243; module_class=&#8221;image-fit&#8221; _builder_version=&#8221;4.16&#8243; _module_preset=&#8221;default&#8221; custom_margin=&#8221;||||false|false&#8221; custom_css_main_element=&#8221;min-height: 400px;||height: 100%;&#8221; global_colors_info=&#8221;{}&#8221; custom_css_main_element_tablet=&#8221;min-height: 300px;||height: 100%;&#8221; custom_css_main_element_last_edited=&#8221;on|tablet&#8221; custom_css_main_element_phone=&#8221;min-height: 300px;||height: 100%;&#8221;][\/et_pb_image][\/et_pb_column][et_pb_column type=&#8221;1_2&#8243; _builder_version=&#8221;4.16&#8243; _module_preset=&#8221;default&#8221; custom_padding=&#8221;60px||60px|40px|true|false&#8221; custom_padding_tablet=&#8221;30px||30px|0px|true|false&#8221; custom_padding_phone=&#8221;30px||30px||true|false&#8221; custom_padding_last_edited=&#8221;on|tablet&#8221; custom_css_main_element=&#8221;margin-bottom: 0px !important;||display: flex;||flex-direction: column;||justify-content: center;&#8221; global_colors_info=&#8221;{}&#8221;][et_pb_text module_id=&#8221;target-more&#8221; _builder_version=&#8221;4.16&#8243; _module_preset=&#8221;default&#8221; text_font=&#8221;|300|||||||&#8221; text_text_color=&#8221;#292929&#8243; link_font=&#8221;||||||||&#8221; header_font=&#8221;|700|||||||&#8221; header_text_color=&#8221;#FFFFFF&#8221; header_font_size=&#8221;40px&#8221; header_2_font=&#8221;|700|||||||&#8221; header_2_text_color=&#8221;#1D1D1D&#8221; header_2_font_size=&#8221;28px&#8221; header_3_font=&#8221;|700|||||||&#8221; header_3_text_color=&#8221;#1D1D1D&#8221; header_3_font_size=&#8221;28px&#8221; custom_margin=&#8221;||20px||false|false&#8221; global_colors_info=&#8221;{}&#8221; link_text_color__hover=&#8221;rgba(181,44,36,0.8)&#8221; link_text_color__hover_enabled=&#8221;on|desktop&#8221;]<\/p>\n<h2>NEXAT ganha medalha de ouro no Pr\u00eamio de Inova\u00e7\u00e3o DLG 2022<\/h2>\n<p>O sistema hol\u00edstico de produ\u00e7\u00e3o de culturas da NEXAT impressiona a comiss\u00e3o neutra de especialistas da Sociedade Agr\u00edcola Alem\u00e3 na cerim\u00f4nia de premia\u00e7\u00e3o de inova\u00e7\u00e3o na Agritechnica 2022<\/p>\n<p>[\/et_pb_text][et_pb_button button_url=&#8221;https:\/\/www.nexat.de\/pt-br\/?p=6512&#8243; button_text=&#8221;Leia o artigo&#8221; module_id=&#8221;pressebilder&#8221; module_class=&#8221;scroll-to-section&#8221; _builder_version=&#8221;4.16&#8243; _module_preset=&#8221;default&#8221; custom_button=&#8221;on&#8221; button_text_size=&#8221;21px&#8221; button_text_color=&#8221;#B52C24&#8243; button_bg_color=&#8221;RGBA(0,0,0,0)&#8221; button_border_width=&#8221;0px&#8221; button_border_radius=&#8221;0px&#8221; button_font=&#8221;|300|||||||&#8221; button_icon=&#8221;&#x24;||divi||400&#8243; button_icon_color=&#8221;#B52C24&#8243; button_on_hover=&#8221;off&#8221; custom_margin=&#8221;0px|20px|0px|0px|true|false&#8221; custom_padding=&#8221;0px|25px|0px|0px|true|false&#8221; global_colors_info=&#8221;{}&#8221; button_text_color__hover=&#8221;rgba(181,44,36,0.8)&#8221; button_text_color__hover_enabled=&#8221;on|desktop&#8221; button_bg_color__hover=&#8221;RGBA(0,0,0,0)&#8221; button_bg_color__hover_enabled=&#8221;on|desktop&#8221; button_icon_color__hover_enabled=&#8221;on|desktop&#8221; button_icon_color__hover=&#8221;rgba(181,44,36,0.8)&#8221;][\/et_pb_button][\/et_pb_column][\/et_pb_row][\/et_pb_section]<\/p>\n","protected":false},"excerpt":{"rendered":"<p>NEXAT e EW Group com parceria voltada para o futuro A fabricante de m\u00e1quinas agr\u00edcolas NEXAT e a holding familiar internacional EW Group anunciam uma coopera\u00e7\u00e3o estrat\u00e9gica na prepara\u00e7\u00e3o para a AGRITECHNICA.NEXAT \u00e9 o vencedor oficial do pr\u00eamio agrifuture concept winner 2023 O conceito de cultivo de v\u00e1rias culturas com o sistema NEXAT foi homenageado [&hellip;]<\/p>\n","protected":false},"author":1,"featured_media":0,"parent":0,"menu_order":2,"comment_status":"closed","ping_status":"closed","template":"","meta":{"_et_pb_use_builder":"on","_et_pb_old_content":"","_et_gb_content_width":"","footnotes":""},"class_list":["post-6531","page","type-page","status-publish","hentry"],"_links":{"self":[{"href":"https:\/\/www.nexat.de\/pt-br\/wp-json\/wp\/v2\/pages\/6531","targetHints":{"allow":["GET"]}}],"collection":[{"href":"https:\/\/www.nexat.de\/pt-br\/wp-json\/wp\/v2\/pages"}],"about":[{"href":"https:\/\/www.nexat.de\/pt-br\/wp-json\/wp\/v2\/types\/page"}],"author":[{"embeddable":true,"href":"https:\/\/www.nexat.de\/pt-br\/wp-json\/wp\/v2\/users\/1"}],"replies":[{"embeddable":true,"href":"https:\/\/www.nexat.de\/pt-br\/wp-json\/wp\/v2\/comments?post=6531"}],"version-history":[{"count":4,"href":"https:\/\/www.nexat.de\/pt-br\/wp-json\/wp\/v2\/pages\/6531\/revisions"}],"predecessor-version":[{"id":7168,"href":"https:\/\/www.nexat.de\/pt-br\/wp-json\/wp\/v2\/pages\/6531\/revisions\/7168"}],"wp:attachment":[{"href":"https:\/\/www.nexat.de\/pt-br\/wp-json\/wp\/v2\/media?parent=6531"}],"curies":[{"name":"wp","href":"https:\/\/api.w.org\/{rel}","templated":true}]}}