{"id":6304,"date":"2024-03-14T11:06:22","date_gmt":"2024-03-14T10:06:22","guid":{"rendered":"https:\/\/www.nexat.de\/traegerfahrzeug\/"},"modified":"2025-08-19T13:23:19","modified_gmt":"2025-08-19T11:23:19","slug":"traegerfahrzeug","status":"publish","type":"page","link":"https:\/\/www.nexat.de\/pt-br\/produtos\/traegerfahrzeug\/","title":{"rendered":"Ve\u00edculo transportador"},"content":{"rendered":"<p>[et_pb_section fb_built=&#8221;1&#8243; custom_padding_last_edited=&#8221;on|phone&#8221; admin_label=&#8221;Header&#8221; module_id=&#8221;Imagem de cabe\u00e7alho grande&#8221; _builder_version=&#8221;4.27.3&#8243; _module_preset=&#8221;default&#8221; background_color=&#8221;#1D1D1D&#8221; background_image=&#8221;https:\/\/www.nexat.de\/wp-content\/uploads\/2023\/04\/nexat-modulwechsel-1200.jpg&#8221; background_position=&#8221;center_left&#8221; background_video_mp4=&#8221;https:\/\/nexat.de\/wp-content\/uploads\/2025\/videos\/Walkaround_Traegersystem_en.mp4&#8243; background_video_width=&#8221;1280&#8243; background_video_height=&#8221;720&#8243; allow_player_pause=&#8221;on&#8221; min_height=&#8221;400px&#8221; height=&#8221;80vh&#8221; custom_padding=&#8221;0px||40px||false|false&#8221; custom_padding_tablet=&#8221;0px||40px||false|false&#8221; custom_padding_phone=&#8221;||30px||false|false&#8221; animation_style=&#8221;fade&#8221; custom_css_main_element=&#8221;display: flex;||flex-direction: column;||justify-content: flex-end;&#8221; da_disable_devices=&#8221;off|off|off&#8221; locked=&#8221;off&#8221; global_colors_info=&#8221;{}&#8221; da_is_popup=&#8221;off&#8221; da_exit_intent=&#8221;off&#8221; da_has_close=&#8221;on&#8221; da_alt_close=&#8221;off&#8221; da_dark_close=&#8221;off&#8221; da_not_modal=&#8221;on&#8221; da_is_singular=&#8221;off&#8221; da_with_loader=&#8221;off&#8221; da_has_shadow=&#8221;on&#8221;][et_pb_row admin_label=&#8221;Curso (centro radial)&#8221; _builder_version=&#8221;4.16&#8243; _module_preset=&#8221;default&#8221; background_enable_color=&#8221;off&#8221; use_background_color_gradient=&#8221;on&#8221; background_color_gradient_type=&#8221;circular&#8221; background_color_gradient_stops=&#8221;rgba(25,14,13,0) 0%|rgba(25,14,13,0.75) 100%&#8221; background_color_gradient_start=&#8221;rgba(25,14,13,0)&#8221; background_color_gradient_end=&#8221;rgba(25,14,13,0.75)&#8221; positioning=&#8221;absolute&#8221; width=&#8221;100%&#8221; max_width=&#8221;100%&#8221; custom_margin=&#8221;0px||0px||true|false&#8221; custom_padding=&#8221;0px||0px||true|false&#8221; custom_css_main_element=&#8221;top: 0px;||right: 0px;||bottom: 0px;||left: 0px;&#8221; global_colors_info=&#8221;{}&#8221;][et_pb_column type=&#8221;4_4&#8243; _builder_version=&#8221;4.16&#8243; _module_preset=&#8221;default&#8221; global_colors_info=&#8221;{}&#8221;][\/et_pb_column][\/et_pb_row][et_pb_row admin_label=&#8221;Progress\u00e3o (abaixo)&#8221; _builder_version=&#8221;4.16&#8243; _module_preset=&#8221;default&#8221; background_color=&#8221;RGBA(0,0,0,0)&#8221; use_background_color_gradient=&#8221;on&#8221; background_color_gradient_stops=&#8221;rgba(25,14,13,0) 0%|#190e0d 100%&#8221; background_color_gradient_start=&#8221;rgba(25,14,13,0)&#8221; background_color_gradient_end=&#8221;#190e0d&#8221; positioning=&#8221;absolute&#8221; width=&#8221;100%&#8221; max_width=&#8221;100%&#8221; custom_margin=&#8221;0px||0px||true|false&#8221; custom_padding=&#8221;0px||90px||false|false&#8221; custom_css_main_element=&#8221;top: 30%;||right: 0px;||bottom: 0px;||left: 0px;||display: flex;||flex-direction: column;||justify-content: flex-end;&#8221; global_colors_info=&#8221;{}&#8221;][et_pb_column type=&#8221;4_4&#8243; _builder_version=&#8221;4.16&#8243; _module_preset=&#8221;default&#8221; global_colors_info=&#8221;{}&#8221;][\/et_pb_column][\/et_pb_row][\/et_pb_section][et_pb_section fb_built=&#8221;1&#8243; custom_padding_last_edited=&#8221;on|phone&#8221; admin_label=&#8221;Einleitung&#8221; module_id=&#8221;se\u00e7\u00e3o inicial&#8221; _builder_version=&#8221;4.16&#8243; _module_preset=&#8221;default&#8221; background_color=&#8221;RGBA(0,0,0,0)&#8221; custom_padding=&#8221;0px||40px||false|false&#8221; custom_padding_tablet=&#8221;0px||40px||false|false&#8221; custom_padding_phone=&#8221;0px||30px||false|false&#8221; animation_style=&#8221;fade&#8221; da_disable_devices=&#8221;off|off|off&#8221; global_colors_info=&#8221;{}&#8221; da_is_popup=&#8221;off&#8221; da_exit_intent=&#8221;off&#8221; da_has_close=&#8221;on&#8221; da_alt_close=&#8221;off&#8221; da_dark_close=&#8221;off&#8221; da_not_modal=&#8221;on&#8221; da_is_singular=&#8221;off&#8221; da_with_loader=&#8221;off&#8221; da_has_shadow=&#8221;on&#8221;][et_pb_row admin_label=&#8221;Curso (topo)&#8221; _builder_version=&#8221;4.16&#8243; _module_preset=&#8221;default&#8221; background_color=&#8221;RGBA(0,0,0,0)&#8221; use_background_color_gradient=&#8221;on&#8221; background_color_gradient_stops=&#8221;#190e0d 0%|rgba(25,14,13,0) 100%&#8221; background_color_gradient_start=&#8221;#190e0d&#8221; background_color_gradient_end=&#8221;rgba(25,14,13,0)&#8221; positioning=&#8221;absolute&#8221; width=&#8221;100%&#8221; max_width=&#8221;100%&#8221; height=&#8221;100%&#8221; custom_margin=&#8221;0px||0px||true|false&#8221; custom_padding=&#8221;0px||0px||true|false&#8221; custom_css_main_element=&#8221;top: 0px;||right: 0px;||left: 0px;&#8221; global_colors_info=&#8221;{}&#8221;][et_pb_column type=&#8221;4_4&#8243; _builder_version=&#8221;4.16&#8243; _module_preset=&#8221;default&#8221; global_colors_info=&#8221;{}&#8221;][\/et_pb_column][\/et_pb_row][et_pb_row module_class=&#8221;inline-btn&#8221; _builder_version=&#8221;4.16&#8243; _module_preset=&#8221;default&#8221; width=&#8221;90%&#8221; max_width=&#8221;800px&#8221; custom_padding=&#8221;0px||30px||false|false&#8221; global_colors_info=&#8221;{}&#8221;][et_pb_column type=&#8221;4_4&#8243; _builder_version=&#8221;4.16&#8243; _module_preset=&#8221;default&#8221; global_colors_info=&#8221;{}&#8221;][et_pb_text module_class=&#8221;nexat-arrow&#8221; _builder_version=&#8221;4.27.3&#8243; _module_preset=&#8221;default&#8221; text_font=&#8221;|300|||||||&#8221; text_text_color=&#8221;#DCDCDC&#8221; link_font=&#8221;||||||||&#8221; header_font=&#8221;|700|||||||&#8221; header_text_color=&#8221;#FFFFFF&#8221; header_font_size=&#8221;40px&#8221; global_colors_info=&#8221;{}&#8221; link_text_color__hover=&#8221;rgba(181,44,36,0.8)&#8221; link_text_color__hover_enabled=&#8221;on|desktop&#8221;]<\/p>\n<h1>O ve\u00edculo-portador<\/h1>\n<p>O ve\u00edculo-portador Wide-Span NEXAT constitui a base do sistema. O NEXAT \u00e9 movido por tra\u00e7\u00e3o el\u00e9trica individual por roda e disp\u00f5e de dire\u00e7\u00e3o nas quatro rodas. Atualmente, os geradores para a tra\u00e7\u00e3o el\u00e9trica s\u00e3o acionados por dois motores a diesel de 550 HP cada. O ve\u00edculo-portador executa, com os respectivos implementos, todas as etapas do manejo \u2013 desde o preparo do solo at\u00e9 a colheita.<\/p>\n<p>[\/et_pb_text][et_pb_button button_text=&#8221;Saiba mais&#8221; module_id=&#8221;more&#8221; module_class=&#8221;scroll-to-section&#8221; _builder_version=&#8221;4.22.1&#8243; _module_preset=&#8221;default&#8221; custom_button=&#8221;on&#8221; button_text_size=&#8221;21px&#8221; button_text_color=&#8221;#B52C24&#8243; button_bg_color=&#8221;RGBA(0,0,0,0)&#8221; button_border_width=&#8221;0px&#8221; button_border_radius=&#8221;0px&#8221; button_font=&#8221;|300|||||||&#8221; button_icon=&#8221;&#x24;||divi||400&#8243; button_icon_color=&#8221;#B52C24&#8243; button_on_hover=&#8221;off&#8221; custom_margin=&#8221;0px|20px|0px|0px|true|false&#8221; custom_padding=&#8221;0px|25px|0px|0px|true|false&#8221; locked=&#8221;off&#8221; global_colors_info=&#8221;{}&#8221; button_text_color__hover=&#8221;rgba(181,44,36,0.8)&#8221; button_text_color__hover_enabled=&#8221;on|desktop&#8221; button_bg_color__hover=&#8221;RGBA(0,0,0,0)&#8221; button_bg_color__hover_enabled=&#8221;on|desktop&#8221; button_icon_color__hover=&#8221;rgba(181,44,36,0.8)&#8221; button_icon_color__hover_enabled=&#8221;on|desktop&#8221;][\/et_pb_button][\/et_pb_column][\/et_pb_row][\/et_pb_section][et_pb_section fb_built=&#8221;1&#8243; custom_padding_last_edited=&#8221;on|tablet&#8221; admin_label=&#8221;Section&#8221; _builder_version=&#8221;4.16&#8243; _module_preset=&#8221;default&#8221; background_color=&#8221;#FFFFFF&#8221; custom_padding=&#8221;40px||70px||false|false&#8221; custom_padding_tablet=&#8221;40px||40px||true|false&#8221; custom_padding_phone=&#8221;30px||30px||true|false&#8221; da_disable_devices=&#8221;off|off|off&#8221; global_colors_info=&#8221;{}&#8221; da_is_popup=&#8221;off&#8221; da_exit_intent=&#8221;off&#8221; da_has_close=&#8221;on&#8221; da_alt_close=&#8221;off&#8221; da_dark_close=&#8221;off&#8221; da_not_modal=&#8221;on&#8221; da_is_singular=&#8221;off&#8221; da_with_loader=&#8221;off&#8221; da_has_shadow=&#8221;on&#8221;][et_pb_row column_structure=&#8221;1_2,1_2&#8243; use_custom_gutter=&#8221;on&#8221; gutter_width=&#8221;1&#8243; make_equal=&#8221;on&#8221; custom_padding_last_edited=&#8221;on|desktop&#8221; _builder_version=&#8221;4.22.2&#8243; _module_preset=&#8221;default&#8221; width=&#8221;90%&#8221; max_width=&#8221;1500px&#8221; custom_padding=&#8221;30px||0px||false|false&#8221; custom_padding_tablet=&#8221;||||false|false&#8221; custom_padding_phone=&#8221;||||false|false&#8221; custom_css_main_element=&#8221;min-height: 300px;&#8221; global_colors_info=&#8221;{}&#8221;][et_pb_column type=&#8221;1_2&#8243; module_id=&#8221;target-more&#8221; _builder_version=&#8221;4.22.2&#8243; _module_preset=&#8221;default&#8221; background_color=&#8221;#ECECEC&#8221; background_image=&#8221;https:\/\/www.nexat.de\/wp-content\/uploads\/2023\/12\/traegerfahrzeug_strasse-min.jpg&#8221; custom_padding=&#8221;30px||30px||false|false&#8221; custom_css_main_element=&#8221;margin-bottom: 0px !important;||display: flex;||flex-direction: column;||justify-content: center;||min-height: 400px;&#8221; border_radii=&#8221;on|2px|2px|2px|2px&#8221; global_colors_info=&#8221;{}&#8221; custom_css_main_element_tablet=&#8221;margin-bottom: 0px !important;||display: flex;||flex-direction: column;||justify-content: center;||min-height: 300px;&#8221; custom_css_main_element_last_edited=&#8221;on|tablet&#8221; custom_css_main_element_phone=&#8221;margin-bottom: 0px !important;||display: flex;||flex-direction: column;||justify-content: center;||min-height: 300px;&#8221;][et_pb_text _builder_version=&#8221;4.16&#8243; _module_preset=&#8221;default&#8221; global_colors_info=&#8221;{}&#8221;][\/et_pb_text][\/et_pb_column][et_pb_column type=&#8221;1_2&#8243; _builder_version=&#8221;4.16&#8243; _module_preset=&#8221;default&#8221; custom_padding=&#8221;60px||60px|40px|true|false&#8221; custom_padding_tablet=&#8221;30px||30px|0px|true|false&#8221; custom_padding_phone=&#8221;30px||30px||true|false&#8221; custom_padding_last_edited=&#8221;on|tablet&#8221; custom_css_main_element=&#8221;margin-bottom: 0px !important;||display: flex;||flex-direction: column;||justify-content: center;&#8221; global_colors_info=&#8221;{}&#8221;][et_pb_text module_id=&#8221;target-partner&#8221; _builder_version=&#8221;4.27.3&#8243; _module_preset=&#8221;default&#8221; text_font=&#8221;|300|||||||&#8221; text_text_color=&#8221;#292929&#8243; link_font=&#8221;||||||||&#8221; header_font=&#8221;|700|||||||&#8221; header_text_color=&#8221;#FFFFFF&#8221; header_font_size=&#8221;40px&#8221; header_2_font=&#8221;|700|||||||&#8221; header_2_text_color=&#8221;#1D1D1D&#8221; header_2_font_size=&#8221;34px&#8221; header_3_font=&#8221;|700|||||||&#8221; header_3_text_color=&#8221;#1D1D1D&#8221; header_3_font_size=&#8221;28px&#8221; custom_margin=&#8221;||||false|false&#8221; global_colors_info=&#8221;{}&#8221; link_text_color__hover=&#8221;rgba(181,44,36,0.8)&#8221; link_text_color__hover_enabled=&#8221;on|desktop&#8221;]<\/p>\n<p>No centro do sistema est\u00e1 um potente ve\u00edculo-portador de largura estendida com estrutura intercambi\u00e1vel, que realiza o preparo do solo, a semeadura, a prote\u00e7\u00e3o de cultivos, a aduba\u00e7\u00e3o org\u00e2nica e a colheita com m\u00f3dulos acoplados de renomados parceiros de coopera\u00e7\u00e3o. Os implementos suspensos garantem uma distribui\u00e7\u00e3o ideal do peso e permitem a condu\u00e7\u00e3o altamente precisa dos m\u00f3dulos. O sistema NEXAT opera no modo Widespan CTF. As faixas de rodagem padronizadas e elevadas s\u00e3o planejadas uma \u00fanica vez. Gra\u00e7as \u00e0 tra\u00e7\u00e3o individual por roda e \u00e0 aus\u00eancia de eixos adicionais, evita-se o efeito de empurramento (&#8220;bulldozing&#8221;) e, ao mesmo tempo, obt\u00e9m-se o m\u00e1ximo aproveitamento da for\u00e7a de tra\u00e7\u00e3o. Da semeadura \u00e0 colheita \u2013 com o NEXAT, cada implemento se transforma em uma m\u00e1quina autopropelida.<\/p>\n<p>A mudan\u00e7a revolucion\u00e1ria entre o deslocamento no campo e na estrada possibilita a utiliza\u00e7\u00e3o de todo o potencial da largura de trabalho de 14 m no processo Widespan CTF no campo e, ao mesmo tempo, ser compacto na estrada.<\/p>\n<p>[\/et_pb_text][\/et_pb_column][\/et_pb_row][et_pb_row column_structure=&#8221;1_2,1_2&#8243; use_custom_gutter=&#8221;on&#8221; gutter_width=&#8221;1&#8243; make_equal=&#8221;on&#8221; custom_padding_last_edited=&#8221;on|desktop&#8221; _builder_version=&#8221;4.22.2&#8243; _module_preset=&#8221;default&#8221; width=&#8221;90%&#8221; max_width=&#8221;1500px&#8221; custom_padding=&#8221;30px||0px||false|false&#8221; custom_padding_tablet=&#8221;0px||||false|false&#8221; custom_padding_phone=&#8221;||||false|false&#8221; custom_css_main_element=&#8221;min-height: 300px;&#8221; global_colors_info=&#8221;{}&#8221;][et_pb_column type=&#8221;1_2&#8243; _builder_version=&#8221;4.22.1&#8243; _module_preset=&#8221;default&#8221; custom_padding=&#8221;60px|40px|60px||true|false&#8221; custom_padding_tablet=&#8221;30px|0px|30px||true|false&#8221; custom_padding_phone=&#8221;30px||30px||true|false&#8221; custom_padding_last_edited=&#8221;on|desktop&#8221; custom_css_main_element=&#8221;margin-bottom: 0px !important;||display: flex;||flex-direction: column;||justify-content: center;&#8221; global_colors_info=&#8221;{}&#8221;][et_pb_text module_id=&#8221;target-partner&#8221; _builder_version=&#8221;4.27.3&#8243; _module_preset=&#8221;default&#8221; text_font=&#8221;|300|||||||&#8221; text_text_color=&#8221;#292929&#8243; link_font=&#8221;||||||||&#8221; header_font=&#8221;|700|||||||&#8221; header_text_color=&#8221;#FFFFFF&#8221; header_font_size=&#8221;40px&#8221; header_2_font=&#8221;|700|||||||&#8221; header_2_text_color=&#8221;#1D1D1D&#8221; header_2_font_size=&#8221;34px&#8221; header_3_font=&#8221;|700|||||||&#8221; header_3_text_color=&#8221;#1D1D1D&#8221; header_3_font_size=&#8221;28px&#8221; custom_margin=&#8221;||||false|false&#8221; global_colors_info=&#8221;{}&#8221; link_text_color__hover=&#8221;rgba(181,44,36,0.8)&#8221; link_text_color__hover_enabled=&#8221;on|desktop&#8221;]<\/p>\n<ul class=\"icn-list vorteile\">\n<li>2 motores com 550 HD cada<\/li>\n<li>Cabine girat\u00f3ria de 270\u00b0<\/li>\n<li>Conceito de tra\u00e7\u00e3o diesel-el\u00e9trica<\/li>\n<li>Dire\u00e7\u00e3o nas quatro rodas<\/li>\n<li>Tra\u00e7\u00e3o individual por roda<\/li>\n<li>Chassi hidr\u00e1ulico<\/li>\n<li>Largura de faixa de 14 m<\/li>\n<li>Condu\u00e7\u00e3o aut\u00f4noma<\/li>\n<li>Troca de implementos sem uso de ferramentas<\/li>\n<li>Interfaces padronizadas (ISOBUS)<\/li>\n<li>Monitoramento por c\u00e2meras 360\u00b0<\/li>\n<\/ul>\n<p>[\/et_pb_text][\/et_pb_column][et_pb_column type=&#8221;1_2&#8243; module_id=&#8221;target-more&#8221; _builder_version=&#8221;4.22.2&#8243; _module_preset=&#8221;default&#8221; background_color=&#8221;#ECECEC&#8221; background_image=&#8221;https:\/\/www.nexat.de\/wp-content\/uploads\/2023\/12\/traegerfahrzeug.jpg&#8221; custom_padding=&#8221;30px||30px||false|false&#8221; custom_css_main_element=&#8221;margin-bottom: 0px !important;||display: flex;||flex-direction: column;||justify-content: center;||min-height: 400px;&#8221; border_radii=&#8221;on|2px|2px|2px|2px&#8221; global_colors_info=&#8221;{}&#8221; custom_css_main_element_tablet=&#8221;margin-bottom: 0px !important;||display: flex;||flex-direction: column;||justify-content: center;||min-height: 300px;&#8221; custom_css_main_element_last_edited=&#8221;on|tablet&#8221; custom_css_main_element_phone=&#8221;margin-bottom: 0px !important;||display: flex;||flex-direction: column;||justify-content: center;||min-height: 300px;&#8221;][et_pb_text _builder_version=&#8221;4.16&#8243; _module_preset=&#8221;default&#8221; global_colors_info=&#8221;{}&#8221;][\/et_pb_text][\/et_pb_column][\/et_pb_row][et_pb_row _builder_version=&#8221;4.27.3&#8243; _module_preset=&#8221;default&#8221;][et_pb_column _builder_version=&#8221;4.27.3&#8243; _module_preset=&#8221;default&#8221; type=&#8221;4_4&#8243;][et_pb_video src=&#8221;https:\/\/www.youtube.com\/watch?v=I6Gyxu4xYGU&#038;feature=youtu.be&#8221; _builder_version=&#8221;4.27.3&#8243; _module_preset=&#8221;default&#8221; hover_enabled=&#8221;0&#8243; sticky_enabled=&#8221;0&#8243;][\/et_pb_video][\/et_pb_column][\/et_pb_row][\/et_pb_section]<\/p>\n","protected":false},"excerpt":{"rendered":"<p>O ve\u00edculo-portador O ve\u00edculo-portador Wide-Span NEXAT constitui a base do sistema. O NEXAT \u00e9 movido por tra\u00e7\u00e3o el\u00e9trica individual por roda e disp\u00f5e de dire\u00e7\u00e3o nas quatro rodas. Atualmente, os geradores para a tra\u00e7\u00e3o el\u00e9trica s\u00e3o acionados por dois motores a diesel de 550 HP cada. O ve\u00edculo-portador executa, com os respectivos implementos, todas as [&hellip;]<\/p>\n","protected":false},"author":1,"featured_media":0,"parent":6649,"menu_order":0,"comment_status":"closed","ping_status":"closed","template":"","meta":{"_et_pb_use_builder":"on","_et_pb_old_content":"","_et_gb_content_width":"","footnotes":""},"class_list":["post-6304","page","type-page","status-publish","hentry"],"_links":{"self":[{"href":"https:\/\/www.nexat.de\/pt-br\/wp-json\/wp\/v2\/pages\/6304","targetHints":{"allow":["GET"]}}],"collection":[{"href":"https:\/\/www.nexat.de\/pt-br\/wp-json\/wp\/v2\/pages"}],"about":[{"href":"https:\/\/www.nexat.de\/pt-br\/wp-json\/wp\/v2\/types\/page"}],"author":[{"embeddable":true,"href":"https:\/\/www.nexat.de\/pt-br\/wp-json\/wp\/v2\/users\/1"}],"replies":[{"embeddable":true,"href":"https:\/\/www.nexat.de\/pt-br\/wp-json\/wp\/v2\/comments?post=6304"}],"version-history":[{"count":7,"href":"https:\/\/www.nexat.de\/pt-br\/wp-json\/wp\/v2\/pages\/6304\/revisions"}],"predecessor-version":[{"id":13142,"href":"https:\/\/www.nexat.de\/pt-br\/wp-json\/wp\/v2\/pages\/6304\/revisions\/13142"}],"up":[{"embeddable":true,"href":"https:\/\/www.nexat.de\/pt-br\/wp-json\/wp\/v2\/pages\/6649"}],"wp:attachment":[{"href":"https:\/\/www.nexat.de\/pt-br\/wp-json\/wp\/v2\/media?parent=6304"}],"curies":[{"name":"wp","href":"https:\/\/api.w.org\/{rel}","templated":true}]}}