{"id":6263,"date":"2024-03-14T11:06:15","date_gmt":"2024-03-14T10:06:15","guid":{"rendered":"https:\/\/www.nexat.de\/desmantelamento-organico\/"},"modified":"2025-10-06T11:15:36","modified_gmt":"2025-10-06T09:15:36","slug":"desmantelamento-organico","status":"publish","type":"page","link":"https:\/\/www.nexat.de\/pt-br\/produtos\/desmantelamento-organico\/","title":{"rendered":"Fertiliza\u00e7\u00e3o org\u00e2nica"},"content":{"rendered":"<p>[et_pb_section fb_built=&#8221;1&#8243; custom_padding_last_edited=&#8221;on|phone&#8221; admin_label=&#8221;Header&#8221; module_id=&#8221;Imagem de cabe\u00e7alho grande&#8221; _builder_version=&#8221;4.22.2&#8243; _module_preset=&#8221;default&#8221; background_color=&#8221;#1D1D1D&#8221; background_image=&#8221;https:\/\/www.nexat.de\/wp-content\/uploads\/2023\/09\/nexat_wienhoff-guellemodul_2.jpg&#8221; background_position=&#8221;center_left&#8221; background_enable_video_mp4=&#8221;off&#8221; background_video_width=&#8221;1280&#8243; background_video_height=&#8221;720&#8243; allow_player_pause=&#8221;on&#8221; min_height=&#8221;400px&#8221; height=&#8221;80vh&#8221; custom_padding=&#8221;0px||40px||false|false&#8221; custom_padding_tablet=&#8221;0px||40px||false|false&#8221; custom_padding_phone=&#8221;||30px||false|false&#8221; animation_style=&#8221;fade&#8221; custom_css_main_element=&#8221;display: flex;||flex-direction: column;||justify-content: flex-end;&#8221; da_disable_devices=&#8221;off|off|off&#8221; locked=&#8221;off&#8221; global_colors_info=&#8221;{}&#8221; da_is_popup=&#8221;off&#8221; da_exit_intent=&#8221;off&#8221; da_has_close=&#8221;on&#8221; da_alt_close=&#8221;off&#8221; da_dark_close=&#8221;off&#8221; da_not_modal=&#8221;on&#8221; da_is_singular=&#8221;off&#8221; da_with_loader=&#8221;off&#8221; da_has_shadow=&#8221;on&#8221;][et_pb_row admin_label=&#8221;Curso (centro radial)&#8221; _builder_version=&#8221;4.16&#8243; _module_preset=&#8221;default&#8221; background_enable_color=&#8221;off&#8221; use_background_color_gradient=&#8221;on&#8221; background_color_gradient_type=&#8221;circular&#8221; background_color_gradient_stops=&#8221;rgba(25,14,13,0) 0%|rgba(25,14,13,0.75) 100%&#8221; background_color_gradient_start=&#8221;rgba(25,14,13,0)&#8221; background_color_gradient_end=&#8221;rgba(25,14,13,0.75)&#8221; positioning=&#8221;absolute&#8221; width=&#8221;100%&#8221; max_width=&#8221;100%&#8221; custom_margin=&#8221;0px||0px||true|false&#8221; custom_padding=&#8221;0px||0px||true|false&#8221; custom_css_main_element=&#8221;top: 0px;||right: 0px;||bottom: 0px;||left: 0px;&#8221; global_colors_info=&#8221;{}&#8221;][et_pb_column type=&#8221;4_4&#8243; _builder_version=&#8221;4.16&#8243; _module_preset=&#8221;default&#8221; global_colors_info=&#8221;{}&#8221;][\/et_pb_column][\/et_pb_row][et_pb_row admin_label=&#8221;Progress\u00e3o (abaixo)&#8221; _builder_version=&#8221;4.16&#8243; _module_preset=&#8221;default&#8221; background_color=&#8221;RGBA(0,0,0,0)&#8221; use_background_color_gradient=&#8221;on&#8221; background_color_gradient_stops=&#8221;rgba(25,14,13,0) 0%|#190e0d 100%&#8221; background_color_gradient_start=&#8221;rgba(25,14,13,0)&#8221; background_color_gradient_end=&#8221;#190e0d&#8221; positioning=&#8221;absolute&#8221; width=&#8221;100%&#8221; max_width=&#8221;100%&#8221; custom_margin=&#8221;0px||0px||true|false&#8221; custom_padding=&#8221;0px||90px||false|false&#8221; custom_css_main_element=&#8221;top: 30%;||right: 0px;||bottom: 0px;||left: 0px;||display: flex;||flex-direction: column;||justify-content: flex-end;&#8221; global_colors_info=&#8221;{}&#8221;][et_pb_column type=&#8221;4_4&#8243; _builder_version=&#8221;4.16&#8243; _module_preset=&#8221;default&#8221; global_colors_info=&#8221;{}&#8221;][\/et_pb_column][\/et_pb_row][\/et_pb_section][et_pb_section fb_built=&#8221;1&#8243; custom_padding_last_edited=&#8221;on|phone&#8221; admin_label=&#8221;Einleitung&#8221; module_id=&#8221;se\u00e7\u00e3o inicial&#8221; _builder_version=&#8221;4.16&#8243; _module_preset=&#8221;default&#8221; background_color=&#8221;RGBA(0,0,0,0)&#8221; custom_padding=&#8221;0px||40px||false|false&#8221; custom_padding_tablet=&#8221;0px||40px||false|false&#8221; custom_padding_phone=&#8221;0px||30px||false|false&#8221; animation_style=&#8221;fade&#8221; da_disable_devices=&#8221;off|off|off&#8221; global_colors_info=&#8221;{}&#8221; da_is_popup=&#8221;off&#8221; da_exit_intent=&#8221;off&#8221; da_has_close=&#8221;on&#8221; da_alt_close=&#8221;off&#8221; da_dark_close=&#8221;off&#8221; da_not_modal=&#8221;on&#8221; da_is_singular=&#8221;off&#8221; da_with_loader=&#8221;off&#8221; da_has_shadow=&#8221;on&#8221;][et_pb_row admin_label=&#8221;Curso (topo)&#8221; _builder_version=&#8221;4.16&#8243; _module_preset=&#8221;default&#8221; background_color=&#8221;RGBA(0,0,0,0)&#8221; use_background_color_gradient=&#8221;on&#8221; background_color_gradient_stops=&#8221;#190e0d 0%|rgba(25,14,13,0) 100%&#8221; background_color_gradient_start=&#8221;#190e0d&#8221; background_color_gradient_end=&#8221;rgba(25,14,13,0)&#8221; positioning=&#8221;absolute&#8221; width=&#8221;100%&#8221; max_width=&#8221;100%&#8221; height=&#8221;100%&#8221; custom_margin=&#8221;0px||0px||true|false&#8221; custom_padding=&#8221;0px||0px||true|false&#8221; custom_css_main_element=&#8221;top: 0px;||right: 0px;||left: 0px;&#8221; global_colors_info=&#8221;{}&#8221;][et_pb_column type=&#8221;4_4&#8243; _builder_version=&#8221;4.16&#8243; _module_preset=&#8221;default&#8221; global_colors_info=&#8221;{}&#8221;][\/et_pb_column][\/et_pb_row][et_pb_row module_class=&#8221;inline-btn&#8221; _builder_version=&#8221;4.16&#8243; _module_preset=&#8221;default&#8221; width=&#8221;90%&#8221; max_width=&#8221;800px&#8221; custom_padding=&#8221;0px||30px||false|false&#8221; global_colors_info=&#8221;{}&#8221;][et_pb_column type=&#8221;4_4&#8243; _builder_version=&#8221;4.16&#8243; _module_preset=&#8221;default&#8221; global_colors_info=&#8221;{}&#8221;][et_pb_text module_class=&#8221;nexat-arrow&#8221; _builder_version=&#8221;4.27.3&#8243; _module_preset=&#8221;default&#8221; text_font=&#8221;|300|||||||&#8221; text_text_color=&#8221;#DCDCDC&#8221; link_font=&#8221;||||||||&#8221; header_font=&#8221;|700|||||||&#8221; header_text_color=&#8221;#FFFFFF&#8221; header_font_size=&#8221;40px&#8221; global_colors_info=&#8221;{}&#8221; link_text_color__hover=&#8221;rgba(181,44,36,0.8)&#8221; link_text_color__hover_enabled=&#8221;on|desktop&#8221;]<\/p>\n<h1>Fertiliza\u00e7\u00e3o<\/h1>\n<p>O m\u00f3dulo de chorume para espalhar fertilizante org\u00e2nico completa o sistema de produ\u00e7\u00e3o de culturas NEXAT. Esse m\u00f3dulo oferece uma solu\u00e7\u00e3o inflex\u00edvel tanto para a aplica\u00e7\u00e3o pr\u00f3xima ao solo quanto para a incorpora\u00e7\u00e3o eficaz de fertilizantes org\u00e2nicos.<\/p>\n<p>[\/et_pb_text][et_pb_button button_text=&#8221;Saiba mais&#8221; module_id=&#8221;more&#8221; module_class=&#8221;scroll-to-section&#8221; _builder_version=&#8221;4.22.1&#8243; _module_preset=&#8221;default&#8221; custom_button=&#8221;on&#8221; button_text_size=&#8221;21px&#8221; button_text_color=&#8221;#B52C24&#8243; button_bg_color=&#8221;RGBA(0,0,0,0)&#8221; button_border_width=&#8221;0px&#8221; button_border_radius=&#8221;0px&#8221; button_font=&#8221;|300|||||||&#8221; button_icon=&#8221;&#x24;||divi||400&#8243; button_icon_color=&#8221;#B52C24&#8243; button_on_hover=&#8221;off&#8221; custom_margin=&#8221;0px|20px|0px|0px|true|false&#8221; custom_padding=&#8221;0px|25px|0px|0px|true|false&#8221; locked=&#8221;off&#8221; global_colors_info=&#8221;{}&#8221; button_text_color__hover=&#8221;rgba(181,44,36,0.8)&#8221; button_text_color__hover_enabled=&#8221;on|desktop&#8221; button_bg_color__hover=&#8221;RGBA(0,0,0,0)&#8221; button_bg_color__hover_enabled=&#8221;on|desktop&#8221; button_icon_color__hover=&#8221;rgba(181,44,36,0.8)&#8221; button_icon_color__hover_enabled=&#8221;on|desktop&#8221;][\/et_pb_button][\/et_pb_column][\/et_pb_row][\/et_pb_section][et_pb_section fb_built=&#8221;1&#8243; custom_padding_last_edited=&#8221;on|tablet&#8221; admin_label=&#8221;Section&#8221; _builder_version=&#8221;4.16&#8243; _module_preset=&#8221;default&#8221; background_color=&#8221;#FFFFFF&#8221; custom_padding=&#8221;40px||70px||false|false&#8221; custom_padding_tablet=&#8221;40px||40px||true|false&#8221; custom_padding_phone=&#8221;30px||30px||true|false&#8221; da_disable_devices=&#8221;off|off|off&#8221; locked=&#8221;off&#8221; global_colors_info=&#8221;{}&#8221; da_is_popup=&#8221;off&#8221; da_exit_intent=&#8221;off&#8221; da_has_close=&#8221;on&#8221; da_alt_close=&#8221;off&#8221; da_dark_close=&#8221;off&#8221; da_not_modal=&#8221;on&#8221; da_is_singular=&#8221;off&#8221; da_with_loader=&#8221;off&#8221; da_has_shadow=&#8221;on&#8221;][et_pb_row column_structure=&#8221;1_2,1_2&#8243; use_custom_gutter=&#8221;on&#8221; gutter_width=&#8221;1&#8243; make_equal=&#8221;on&#8221; custom_padding_last_edited=&#8221;on|desktop&#8221; _builder_version=&#8221;4.27.3&#8243; _module_preset=&#8221;default&#8221; width=&#8221;90%&#8221; max_width=&#8221;1500px&#8221; custom_padding=&#8221;30px||0px||false|false&#8221; custom_padding_tablet=&#8221;||||false|false&#8221; custom_padding_phone=&#8221;||||false|false&#8221; custom_css_main_element=&#8221;min-height: 300px;&#8221; global_colors_info=&#8221;{}&#8221;][et_pb_column type=&#8221;1_2&#8243; module_id=&#8221;target-more&#8221; _builder_version=&#8221;4.27.3&#8243; _module_preset=&#8221;default&#8221; background_color=&#8221;#ECECEC&#8221; background_image=&#8221;https:\/\/www.nexat.de\/wp-content\/uploads\/2025\/06\/2_Fertilizer_AMAZONE_Prototype_Romania-scaled.png&#8221; custom_padding=&#8221;30px||30px||false|false&#8221; custom_css_main_element=&#8221;margin-bottom: 0px !important;||display: flex;||flex-direction: column;||justify-content: center;||min-height: 400px;&#8221; border_radii=&#8221;on|2px|2px|2px|2px&#8221; global_colors_info=&#8221;{}&#8221; custom_css_main_element_tablet=&#8221;margin-bottom: 0px !important;||display: flex;||flex-direction: column;||justify-content: center;||min-height: 300px;&#8221; custom_css_main_element_last_edited=&#8221;on|tablet&#8221; custom_css_main_element_phone=&#8221;margin-bottom: 0px !important;||display: flex;||flex-direction: column;||justify-content: center;||min-height: 300px;&#8221;][et_pb_text _builder_version=&#8221;4.16&#8243; _module_preset=&#8221;default&#8221; global_colors_info=&#8221;{}&#8221;][\/et_pb_text][\/et_pb_column][et_pb_column type=&#8221;1_2&#8243; _builder_version=&#8221;4.16&#8243; _module_preset=&#8221;default&#8221; custom_padding=&#8221;60px||60px|40px|true|false&#8221; custom_padding_tablet=&#8221;30px||30px|0px|true|false&#8221; custom_padding_phone=&#8221;30px||30px||true|false&#8221; custom_padding_last_edited=&#8221;on|tablet&#8221; custom_css_main_element=&#8221;margin-bottom: 0px !important;||display: flex;||flex-direction: column;||justify-content: center;&#8221; global_colors_info=&#8221;{}&#8221;][et_pb_text module_id=&#8221;target-partner&#8221; _builder_version=&#8221;4.27.3&#8243; _module_preset=&#8221;default&#8221; text_font=&#8221;|300|||||||&#8221; text_text_color=&#8221;#292929&#8243; link_font=&#8221;||||||||&#8221; header_font=&#8221;|700|||||||&#8221; header_text_color=&#8221;#FFFFFF&#8221; header_font_size=&#8221;40px&#8221; header_2_font=&#8221;|700|||||||&#8221; header_2_text_color=&#8221;#1D1D1D&#8221; header_2_font_size=&#8221;34px&#8221; header_3_font=&#8221;|700|||||||&#8221; header_3_text_color=&#8221;#1D1D1D&#8221; header_3_font_size=&#8221;28px&#8221; custom_margin=&#8221;||20px||false|false&#8221; global_colors_info=&#8221;{}&#8221; link_text_color__hover=&#8221;rgba(181,44,36,0.8)&#8221; link_text_color__hover_enabled=&#8221;on|desktop&#8221;]<\/p>\n<h3>Amazone | ZG-TS 20001<\/h3>\n<p>M\u00e1xima efici\u00eancia \u2013 O sistema de distribui\u00e7\u00e3o Amazone TS com dois reservat\u00f3rios \u00e9 integrado ao NEXAT em um \u00fanico sistema.<\/p>\n<ul class=\"icn-list vorteile\">\n<li>Volume de 20.000 litros<\/li>\n<li>Sistema de distribui\u00e7\u00e3o TS com alcance de at\u00e9 42 m<\/li>\n<li>Alta capacidade de cobertura<\/li>\n<li>Alta capacidade de transporte<\/li>\n<li>Distribui\u00e7\u00e3o transversal testada pela Amazone<\/li>\n<\/ul>\n<p>[\/et_pb_text][\/et_pb_column][\/et_pb_row][et_pb_row column_structure=&#8221;1_2,1_2&#8243; use_custom_gutter=&#8221;on&#8221; gutter_width=&#8221;1&#8243; make_equal=&#8221;on&#8221; custom_padding_last_edited=&#8221;on|desktop&#8221; _builder_version=&#8221;4.22.2&#8243; _module_preset=&#8221;default&#8221; width=&#8221;90%&#8221; max_width=&#8221;1500px&#8221; custom_padding=&#8221;30px||0px||false|false&#8221; custom_padding_tablet=&#8221;||||false|false&#8221; custom_padding_phone=&#8221;||||false|false&#8221; custom_css_main_element=&#8221;min-height: 300px;&#8221; global_colors_info=&#8221;{}&#8221;][et_pb_column type=&#8221;1_2&#8243; module_id=&#8221;target-more&#8221; _builder_version=&#8221;4.22.2&#8243; _module_preset=&#8221;default&#8221; background_color=&#8221;#ECECEC&#8221; background_image=&#8221;https:\/\/www.nexat.de\/wp-content\/uploads\/2023\/12\/Wienhoff_Scheibe.jpg&#8221; custom_padding=&#8221;30px||30px||false|false&#8221; custom_css_main_element=&#8221;margin-bottom: 0px !important;||display: flex;||flex-direction: column;||justify-content: center;||min-height: 400px;&#8221; border_radii=&#8221;on|2px|2px|2px|2px&#8221; global_colors_info=&#8221;{}&#8221; custom_css_main_element_tablet=&#8221;margin-bottom: 0px !important;||display: flex;||flex-direction: column;||justify-content: center;||min-height: 300px;&#8221; custom_css_main_element_last_edited=&#8221;on|tablet&#8221; custom_css_main_element_phone=&#8221;margin-bottom: 0px !important;||display: flex;||flex-direction: column;||justify-content: center;||min-height: 300px;&#8221;][et_pb_text _builder_version=&#8221;4.16&#8243; _module_preset=&#8221;default&#8221; global_colors_info=&#8221;{}&#8221;][\/et_pb_text][\/et_pb_column][et_pb_column type=&#8221;1_2&#8243; _builder_version=&#8221;4.16&#8243; _module_preset=&#8221;default&#8221; custom_padding=&#8221;60px||60px|40px|true|false&#8221; custom_padding_tablet=&#8221;30px||30px|0px|true|false&#8221; custom_padding_phone=&#8221;30px||30px||true|false&#8221; custom_padding_last_edited=&#8221;on|tablet&#8221; custom_css_main_element=&#8221;margin-bottom: 0px !important;||display: flex;||flex-direction: column;||justify-content: center;&#8221; global_colors_info=&#8221;{}&#8221;][et_pb_text module_id=&#8221;target-partner&#8221; _builder_version=&#8221;4.27.3&#8243; _module_preset=&#8221;default&#8221; text_font=&#8221;|300|||||||&#8221; text_text_color=&#8221;#292929&#8243; link_font=&#8221;||||||||&#8221; header_font=&#8221;|700|||||||&#8221; header_text_color=&#8221;#FFFFFF&#8221; header_font_size=&#8221;40px&#8221; header_2_font=&#8221;|700|||||||&#8221; header_2_text_color=&#8221;#1D1D1D&#8221; header_2_font_size=&#8221;34px&#8221; header_3_font=&#8221;|700|||||||&#8221; header_3_text_color=&#8221;#1D1D1D&#8221; header_3_font_size=&#8221;28px&#8221; custom_margin=&#8221;||20px||false|false&#8221; global_colors_info=&#8221;{}&#8221; link_text_color__hover=&#8221;rgba(181,44,36,0.8)&#8221; link_text_color__hover_enabled=&#8221;on|desktop&#8221;]<\/p>\n<h3>Wienhoff | M\u00f3dulo de polpa<\/h3>\n<p>O espalhador de esterco autopropelido mais potente do mundo para aplica\u00e7\u00e3o pontual de fertilizante org\u00e2nico e cuidados ideais com as plantas.<\/p>\n<ul class=\"icn-list vorteile\">\n<li>Espalhamento preciso pr\u00f3ximo ao solo<\/li>\n<li>Grade de disco de 14 m ou articula\u00e7\u00e3o da sapata de arrasto<\/li>\n<li>Capacidade de 32 m\u00b3<\/li>\n<li>Bra\u00e7o de suc\u00e7\u00e3o de 10 polegadas<\/li>\n<li>Capacidade da bomba de 12.000 litros \/ min.<\/li>\n<li>Enchimento em &lt; 3 min.<\/li>\n<li>Interface ISOBUS<\/li>\n<\/ul>\n<p>[\/et_pb_text][\/et_pb_column][\/et_pb_row][et_pb_row column_structure=&#8221;1_2,1_2&#8243; use_custom_gutter=&#8221;on&#8221; gutter_width=&#8221;1&#8243; make_equal=&#8221;on&#8221; custom_padding_last_edited=&#8221;on|desktop&#8221; _builder_version=&#8221;4.27.3&#8243; _module_preset=&#8221;default&#8221; width=&#8221;90%&#8221; max_width=&#8221;1500px&#8221; custom_padding=&#8221;30px||0px||false|false&#8221; custom_padding_tablet=&#8221;||||false|false&#8221; custom_padding_phone=&#8221;||||false|false&#8221; custom_css_main_element=&#8221;min-height: 300px;&#8221; global_colors_info=&#8221;{}&#8221; locked=&#8221;off&#8221;][et_pb_column type=&#8221;1_2&#8243; module_id=&#8221;target-more&#8221; _builder_version=&#8221;4.27.3&#8243; _module_preset=&#8221;default&#8221; background_color=&#8221;#ECECEC&#8221; background_image=&#8221;https:\/\/www.nexat.de\/wp-content\/uploads\/2025\/06\/20240411_082336-scaled.jpg&#8221; custom_padding=&#8221;30px||30px||false|false&#8221; custom_css_main_element=&#8221;margin-bottom: 0px !important;||display: flex;||flex-direction: column;||justify-content: center;||min-height: 400px;&#8221; border_radii=&#8221;on|2px|2px|2px|2px&#8221; global_colors_info=&#8221;{}&#8221; custom_css_main_element_tablet=&#8221;margin-bottom: 0px !important;||display: flex;||flex-direction: column;||justify-content: center;||min-height: 300px;&#8221; custom_css_main_element_last_edited=&#8221;on|tablet&#8221; custom_css_main_element_phone=&#8221;margin-bottom: 0px !important;||display: flex;||flex-direction: column;||justify-content: center;||min-height: 300px;&#8221;][et_pb_text _builder_version=&#8221;4.16&#8243; _module_preset=&#8221;default&#8221; global_colors_info=&#8221;{}&#8221;][\/et_pb_text][\/et_pb_column][et_pb_column type=&#8221;1_2&#8243; _builder_version=&#8221;4.16&#8243; _module_preset=&#8221;default&#8221; custom_padding=&#8221;60px||60px|40px|true|false&#8221; custom_padding_tablet=&#8221;30px||30px|0px|true|false&#8221; custom_padding_phone=&#8221;30px||30px||true|false&#8221; custom_padding_last_edited=&#8221;on|tablet&#8221; custom_css_main_element=&#8221;margin-bottom: 0px !important;||display: flex;||flex-direction: column;||justify-content: center;&#8221; global_colors_info=&#8221;{}&#8221;][et_pb_text module_id=&#8221;target-partner&#8221; _builder_version=&#8221;4.27.3&#8243; _module_preset=&#8221;default&#8221; text_font=&#8221;|300|||||||&#8221; text_text_color=&#8221;#292929&#8243; link_font=&#8221;||||||||&#8221; header_font=&#8221;|700|||||||&#8221; header_text_color=&#8221;#FFFFFF&#8221; header_font_size=&#8221;40px&#8221; header_2_font=&#8221;|700|||||||&#8221; header_2_text_color=&#8221;#1D1D1D&#8221; header_2_font_size=&#8221;34px&#8221; header_3_font=&#8221;|700|||||||&#8221; header_3_text_color=&#8221;#1D1D1D&#8221; header_3_font_size=&#8221;28px&#8221; custom_margin=&#8221;||||false|false&#8221; global_colors_info=&#8221;{}&#8221; link_text_color__hover=&#8221;rgba(181,44,36,0.8)&#8221; link_text_color__hover_enabled=&#8221;on|desktop&#8221;]<\/p>\n<h2>Evers | Toric NX 1400<\/h2>\n<p>O Injetor de Grade de Discos Evers otimiza a incorpora\u00e7\u00e3o de culturas de cobertura e cria, em uma \u00fanica passada eficiente, uma base s\u00f3lida de nutrientes para a semeadura (de milho). Esta m\u00e1quina foi projetada com foco na sustentabilidade: minimiza a perda de nitrog\u00eanio e maximiza a efici\u00eancia dos nutrientes.<\/p>\n<ul class=\"icn-list vorteile\">\n<li>Largura de trabalho: 14 metros<\/li>\n<li>Discos: \u00d8 51 cm com rolamentos livres de manuten\u00e7\u00e3o<\/li>\n<li>Profundidade de trabalho: at\u00e9 12 cm<\/li>\n<li>Elementos suspensos por borracha com sa\u00eddas de chorume atr\u00e1s da primeira linha de discos<\/li>\n<li>Dois maceradores de precis\u00e3o Alrena garantem uma distribui\u00e7\u00e3o precisa do chorume<\/li>\n<li>Discos laterais asseguram que as faixas de rodagem do NEXAT permane\u00e7am em perfeito estado<\/li>\n<li>Rolo compactador tubular: \u00d8 62 cm, tubos montados em forma\u00e7\u00e3o em V<\/li>\n<\/ul>\n<p>[\/et_pb_text][\/et_pb_column][\/et_pb_row][\/et_pb_section]<\/p>\n","protected":false},"excerpt":{"rendered":"<p>Fertiliza\u00e7\u00e3o O m\u00f3dulo de chorume para espalhar fertilizante org\u00e2nico completa o sistema de produ\u00e7\u00e3o de culturas NEXAT. Esse m\u00f3dulo oferece uma solu\u00e7\u00e3o inflex\u00edvel tanto para a aplica\u00e7\u00e3o pr\u00f3xima ao solo quanto para a incorpora\u00e7\u00e3o eficaz de fertilizantes org\u00e2nicos.Amazone | ZG-TS 20001 M\u00e1xima efici\u00eancia \u2013 O sistema de distribui\u00e7\u00e3o Amazone TS com dois reservat\u00f3rios \u00e9 integrado [&hellip;]<\/p>\n","protected":false},"author":1,"featured_media":0,"parent":6649,"menu_order":4,"comment_status":"closed","ping_status":"closed","template":"","meta":{"_et_pb_use_builder":"on","_et_pb_old_content":"","_et_gb_content_width":"","footnotes":""},"class_list":["post-6263","page","type-page","status-publish","hentry"],"_links":{"self":[{"href":"https:\/\/www.nexat.de\/pt-br\/wp-json\/wp\/v2\/pages\/6263","targetHints":{"allow":["GET"]}}],"collection":[{"href":"https:\/\/www.nexat.de\/pt-br\/wp-json\/wp\/v2\/pages"}],"about":[{"href":"https:\/\/www.nexat.de\/pt-br\/wp-json\/wp\/v2\/types\/page"}],"author":[{"embeddable":true,"href":"https:\/\/www.nexat.de\/pt-br\/wp-json\/wp\/v2\/users\/1"}],"replies":[{"embeddable":true,"href":"https:\/\/www.nexat.de\/pt-br\/wp-json\/wp\/v2\/comments?post=6263"}],"version-history":[{"count":18,"href":"https:\/\/www.nexat.de\/pt-br\/wp-json\/wp\/v2\/pages\/6263\/revisions"}],"predecessor-version":[{"id":13360,"href":"https:\/\/www.nexat.de\/pt-br\/wp-json\/wp\/v2\/pages\/6263\/revisions\/13360"}],"up":[{"embeddable":true,"href":"https:\/\/www.nexat.de\/pt-br\/wp-json\/wp\/v2\/pages\/6649"}],"wp:attachment":[{"href":"https:\/\/www.nexat.de\/pt-br\/wp-json\/wp\/v2\/media?parent=6263"}],"curies":[{"name":"wp","href":"https:\/\/api.w.org\/{rel}","templated":true}]}}